{"id":1459,"date":"2022-11-14T10:15:01","date_gmt":"2022-11-14T16:15:01","guid":{"rendered":"https:\/\/scope-multi.com\/?page_id=1459"},"modified":"2022-11-28T17:43:04","modified_gmt":"2022-11-28T23:43:04","slug":"terminos-y-condiciones","status":"publish","type":"page","link":"https:\/\/scope-multi.com\/en\/terminos-y-condiciones\/","title":{"rendered":"Terminos y condiciones"},"content":{"rendered":"<div data-elementor-type=\"wp-page\" data-elementor-id=\"1459\" class=\"elementor elementor-1459\">\n\t\t\t\t\t\t\t\t\t<section class=\"elementor-section elementor-top-section elementor-element elementor-element-1c7a23b elementor-section-boxed elementor-section-height-default elementor-section-height-default\" data-id=\"1c7a23b\" data-element_type=\"section\">\n\t\t\t\t\t\t<div class=\"elementor-container elementor-column-gap-default\">\n\t\t\t\t\t<div class=\"elementor-column elementor-col-100 elementor-top-column elementor-element elementor-element-dfa0b70\" data-id=\"dfa0b70\" data-element_type=\"column\">\n\t\t\t<div class=\"elementor-widget-wrap elementor-element-populated\">\n\t\t\t\t\t\t\t\t<div class=\"elementor-element elementor-element-f09427f elementor-widget elementor-widget-menu-anchor\" data-id=\"f09427f\" data-element_type=\"widget\" data-widget_type=\"menu-anchor.default\">\n\t\t\t\t<div class=\"elementor-widget-container\">\n\t\t\t<style>\/*! elementor - v3.7.8 - 02-10-2022 *\/\nbody.elementor-page .elementor-widget-menu-anchor{margin-bottom:0}<\/style>\t\t<div class=\"elementor-menu-anchor\"><\/div>\n\t\t\t\t<\/div>\n\t\t\t\t<\/div>\n\t\t\t\t\t<\/div>\n\t\t<\/div>\n\t\t\t\t\t\t\t<\/div>\n\t\t<\/section>\n\t\t\t\t<section class=\"elementor-section elementor-top-section elementor-element elementor-element-c4b646b elementor-section-boxed elementor-section-height-default elementor-section-height-default\" data-id=\"c4b646b\" data-element_type=\"section\">\n\t\t\t\t\t\t<div class=\"elementor-container elementor-column-gap-default\">\n\t\t\t\t\t<div class=\"elementor-column elementor-col-100 elementor-top-column elementor-element elementor-element-8c2a85c\" data-id=\"8c2a85c\" data-element_type=\"column\">\n\t\t\t<div class=\"elementor-widget-wrap elementor-element-populated\">\n\t\t\t\t\t\t\t\t<div class=\"elementor-element elementor-element-c3b3e38 elementor-widget elementor-widget-heading\" data-id=\"c3b3e38\" data-element_type=\"widget\" data-widget_type=\"heading.default\">\n\t\t\t\t<div class=\"elementor-widget-container\">\n\t\t\t<style>\/*! elementor - v3.7.8 - 02-10-2022 *\/\n.elementor-heading-title{padding:0;margin:0;line-height:1}.elementor-widget-heading .elementor-heading-title[class*=elementor-size-]>a{color:inherit;font-size:inherit;line-height:inherit}.elementor-widget-heading .elementor-heading-title.elementor-size-small{font-size:15px}.elementor-widget-heading .elementor-heading-title.elementor-size-medium{font-size:19px}.elementor-widget-heading .elementor-heading-title.elementor-size-large{font-size:29px}.elementor-widget-heading .elementor-heading-title.elementor-size-xl{font-size:39px}.elementor-widget-heading .elementor-heading-title.elementor-size-xxl{font-size:59px}<\/style><h2 class=\"elementor-heading-title elementor-size-default\">PRIVACY POLICY<\/h2>\t\t<\/div>\n\t\t\t\t<\/div>\n\t\t\t\t<div class=\"elementor-element elementor-element-403d12b elementor-widget elementor-widget-text-editor\" data-id=\"403d12b\" data-element_type=\"widget\" data-widget_type=\"text-editor.default\">\n\t\t\t\t<div class=\"elementor-widget-container\">\n\t\t\t<style>\/*! elementor - v3.7.8 - 02-10-2022 *\/\n.elementor-widget-text-editor.elementor-drop-cap-view-stacked .elementor-drop-cap{background-color:#818a91;color:#fff}.elementor-widget-text-editor.elementor-drop-cap-view-framed .elementor-drop-cap{color:#818a91;border:3px solid;background-color:transparent}.elementor-widget-text-editor:not(.elementor-drop-cap-view-default) .elementor-drop-cap{margin-top:8px}.elementor-widget-text-editor:not(.elementor-drop-cap-view-default) .elementor-drop-cap-letter{width:1em;height:1em}.elementor-widget-text-editor .elementor-drop-cap{float:left;text-align:center;line-height:1;font-size:50px}.elementor-widget-text-editor .elementor-drop-cap-letter{display:inline-block}<\/style>\t\t\t\t<p>SCOPE MULTI\u00ae Privacy Policy<\/p><p>Effective Date:  January 1, 2021<\/p><p class=\" translation-block\">OBJETO.<br>Los presentes T\u00e9rminos y Condiciones regulan la prestaci\u00f3n del Servicio por parte de la marca SCOPE MULTI\u00ae y la utilizaci\u00f3n del Servicio por parte de los Usuarios. EL propietario de la marca SCOPE MULTI\u00ae se reserva el derecho a modificar unilateralmente, en cualquier momento y sin aviso previo, la prestaci\u00f3n y configuraci\u00f3n del Servicio, as\u00ed como las condiciones requeridas para utilizar el Servicio.<\/p><p>This Privacy Policy explains the types of personal information that SCOPE MULTI\u00ae and its affiliated companies collect about you, how we use, share, and protect this personal information, and the choices you can make about how we use and share this personal information.  This Privacy Policy governs personal information collected by any means, including, but not limited to, websites, mobile applications, and other online services that refer or link to this Privacy Policy, as well as information collected by other business functions of SCOPE MULTI\u00ae, such as through our customer loyalty programs or when you speak with a customer service representative (collectively, the \u201cServices\u201d).\nIt is important that you read this Privacy Policy carefully, because anytime you use our Services you consent to the practices, we describe in this Privacy Policy.  Key jurisdiction-specific information about our privacy practices is available in our policy here.  In the event of any inconsistencies between the English-language version of this privacy policy and any local language version that we make available, the English-language version will prevail.<\/p><p>Information Covered by this Privacy Policy<\/p><p>This Privacy Policy is applicable to information collected by SCOPE MULTI\u00ae and its affiliated companies.  This includes information collected: Through websites, mobile applications, and other online services that refer or link to this Privacy Policy.\nThrough the other business functions of SCOPE MULTI\u00ae, such as through our customer loyalty programs or by customer service representatives Our Services may link to third-party websites and services that are outside our control.  In addition, we may have relationships with non- SCOPE MULTI\u00ae entities that distribute SCOPE MULTI\u00ae. We are not responsible for the security or privacy of any information collected by such third parties.  You should exercise caution, and review the privacy statements applicable to such third parties.<\/p><p>Information We Collect<\/p><p>We may collect information about you and others and, if applicable, the computer or device you use to access our Services in a variety of ways:\nYou may provide us information directly.\nWe may collect information about you when you use our Services, make purchases, or view our online advertisements.\nWe may collect additional information about you in accordance with applicable law.<\/p><p>Information you provide us directly<\/p><p>We collect information directly from you when you choose to register for our Services (for example, when you register for one of our loyalty programs), make a purchase, sign up to enter a promotion, submit your zip code to learn more about stores near you, or otherwise provide information directly to us.<\/p><p>The following are examples of information you may provide us directly:<br>\n\u2022\tName.<br>\n\u2022\tE-mail address, physical address and\/or zip code, and phone number.<br>\n\u2022\tUsername or password.<br>\n\u2022\tAge or birthdate, gender, occupation, and other demographic information.<br>\n\u2022\tCredit card or other payment information.<br>\n\u2022\tOther information about you, your family or others (such as product interests and where you typically shop for paint and coatings products).<br>\nYou can choose not to provide us with certain types of information, but doing so may affect your ability to use some of the Services.<\/p><p>Information we collect when you use our Services or view our online advertisements<\/p><p>We collect information about your computer or device and your online activity, including through the use of standard Internet technologies, such as cookies, web beacons, and local stored objects.  The following are examples of the types of information that we may collect:<\/p><p>\u2022\tYour browser type and operating system.<\/p><p>\u2022\tIP address and\/or device ID.<br>\n\u2022\tYour browsing behavior on our Services, such as the amount of time spent viewing our online Services, the links you click within our online Services, and the purchases and transactions you make through the Services.<br>\n\u2022\tWebsites you visit before or after our websites.<br>\n\u2022\tSCOPE MULTI e-mails you open and\/or forward.<br>\n\u2022\tSCOPE MULTI offers or links you connect to via e-mails.<br>\n\u2022\tDepending on your device settings, location information, such as your mobile device\u2019s GPS signal or information about nearby WiFi access points and cell towers<\/p>\t\t\t\t\t\t<\/div>\n\t\t\t\t<\/div>\n\t\t\t\t\t<\/div>\n\t\t<\/div>\n\t\t\t\t\t\t\t<\/div>\n\t\t<\/section>\n\t\t\t\t\t\t\t<\/div>","protected":false},"excerpt":{"rendered":"<p>T\u00e9rminos y condiciones www.scope-multi.com Estos t\u00e9rminos y condiciones de uso regulan el uso del Portal que la marca SCOPE MULTI\u00ae pone a disposici\u00f3n de los usuarios del Internet. Por favor lea cuidadosamente estos T\u00e9rminos y Condiciones antes de acceder al Portal, toda vez que el acceso al Portal por parte del usuario del Servicio implica [&hellip;]<\/p>","protected":false},"author":2,"featured_media":0,"parent":0,"menu_order":0,"comment_status":"closed","ping_status":"closed","template":"","meta":{"footnotes":""},"class_list":["post-1459","page","type-page","status-publish","hentry"],"yoast_head":"<!-- This site is optimized with the Yoast SEO plugin v19.11 - https:\/\/yoast.com\/wordpress\/plugins\/seo\/ -->\n<title>Terminos y condiciones - Scope Multi<\/title>\n<meta name=\"robots\" content=\"index, follow, max-snippet:-1, max-image-preview:large, max-video-preview:-1\" \/>\n<link rel=\"canonical\" href=\"https:\/\/scope-multi.com\/en\/terminos-y-condiciones\/\" \/>\n<meta property=\"og:locale\" content=\"en_US\" \/>\n<meta property=\"og:type\" content=\"article\" \/>\n<meta property=\"og:title\" content=\"Terminos y condiciones - Scope Multi\" \/>\n<meta property=\"og:description\" content=\"T\u00e9rminos y condiciones www.scope-multi.com Estos t\u00e9rminos y condiciones de uso regulan el uso del Portal que la marca SCOPE MULTI\u00ae pone a disposici\u00f3n de los usuarios del Internet. Por favor lea cuidadosamente estos T\u00e9rminos y Condiciones antes de acceder al Portal, toda vez que el acceso al Portal por parte del usuario del Servicio implica [&hellip;]\" \/>\n<meta property=\"og:url\" content=\"https:\/\/scope-multi.com\/en\/terminos-y-condiciones\/\" \/>\n<meta property=\"og:site_name\" content=\"Scope Multi\" \/>\n<meta property=\"article:modified_time\" content=\"2022-11-28T23:43:04+00:00\" \/>\n<meta name=\"twitter:card\" content=\"summary_large_image\" \/>\n<meta name=\"twitter:label1\" content=\"Est. reading time\" \/>\n\t<meta name=\"twitter:data1\" content=\"5 minutes\" \/>\n<script type=\"application\/ld+json\" class=\"yoast-schema-graph\">{\"@context\":\"https:\/\/schema.org\",\"@graph\":[{\"@type\":\"WebPage\",\"@id\":\"https:\/\/scope-multi.com\/terminos-y-condiciones\/\",\"url\":\"https:\/\/scope-multi.com\/terminos-y-condiciones\/\",\"name\":\"Terminos y condiciones - Scope Multi\",\"isPartOf\":{\"@id\":\"https:\/\/scope-multi.com\/#website\"},\"datePublished\":\"2022-11-14T16:15:01+00:00\",\"dateModified\":\"2022-11-28T23:43:04+00:00\",\"breadcrumb\":{\"@id\":\"https:\/\/scope-multi.com\/terminos-y-condiciones\/#breadcrumb\"},\"inLanguage\":\"en-US\",\"potentialAction\":[{\"@type\":\"ReadAction\",\"target\":[\"https:\/\/scope-multi.com\/terminos-y-condiciones\/\"]}]},{\"@type\":\"BreadcrumbList\",\"@id\":\"https:\/\/scope-multi.com\/terminos-y-condiciones\/#breadcrumb\",\"itemListElement\":[{\"@type\":\"ListItem\",\"position\":1,\"name\":\"Inicio\",\"item\":\"https:\/\/scope-multi.com\/\"},{\"@type\":\"ListItem\",\"position\":2,\"name\":\"Terminos y condiciones\"}]},{\"@type\":\"WebSite\",\"@id\":\"https:\/\/scope-multi.com\/#website\",\"url\":\"https:\/\/scope-multi.com\/\",\"name\":\"Scope Multi\",\"description\":\"CREANDO LUGARES SEGUROS PARA TRABAJOS EN ALTURAS\",\"publisher\":{\"@id\":\"https:\/\/scope-multi.com\/#organization\"},\"potentialAction\":[{\"@type\":\"SearchAction\",\"target\":{\"@type\":\"EntryPoint\",\"urlTemplate\":\"https:\/\/scope-multi.com\/?s={search_term_string}\"},\"query-input\":\"required name=search_term_string\"}],\"inLanguage\":\"en-US\"},{\"@type\":\"Organization\",\"@id\":\"https:\/\/scope-multi.com\/#organization\",\"name\":\"Scope Multi\",\"url\":\"https:\/\/scope-multi.com\/\",\"logo\":{\"@type\":\"ImageObject\",\"inLanguage\":\"en-US\",\"@id\":\"https:\/\/scope-multi.com\/#\/schema\/logo\/image\/\",\"url\":\"https:\/\/scope-multi.com\/wp-content\/uploads\/2022\/11\/LogoScopeNaranja_TinyPng.png\",\"contentUrl\":\"https:\/\/scope-multi.com\/wp-content\/uploads\/2022\/11\/LogoScopeNaranja_TinyPng.png\",\"width\":921,\"height\":358,\"caption\":\"Scope Multi\"},\"image\":{\"@id\":\"https:\/\/scope-multi.com\/#\/schema\/logo\/image\/\"}}]}<\/script>\n<!-- \/ Yoast SEO plugin. -->","yoast_head_json":{"title":"Terminos y condiciones - Scope Multi","robots":{"index":"index","follow":"follow","max-snippet":"max-snippet:-1","max-image-preview":"max-image-preview:large","max-video-preview":"max-video-preview:-1"},"canonical":"https:\/\/scope-multi.com\/en\/terminos-y-condiciones\/","og_locale":"en_US","og_type":"article","og_title":"Terminos y condiciones - Scope Multi","og_description":"T\u00e9rminos y condiciones www.scope-multi.com Estos t\u00e9rminos y condiciones de uso regulan el uso del Portal que la marca SCOPE MULTI\u00ae pone a disposici\u00f3n de los usuarios del Internet. Por favor lea cuidadosamente estos T\u00e9rminos y Condiciones antes de acceder al Portal, toda vez que el acceso al Portal por parte del usuario del Servicio implica [&hellip;]","og_url":"https:\/\/scope-multi.com\/en\/terminos-y-condiciones\/","og_site_name":"Scope Multi","article_modified_time":"2022-11-28T23:43:04+00:00","twitter_card":"summary_large_image","twitter_misc":{"Est. reading time":"5 minutes"},"schema":{"@context":"https:\/\/schema.org","@graph":[{"@type":"WebPage","@id":"https:\/\/scope-multi.com\/terminos-y-condiciones\/","url":"https:\/\/scope-multi.com\/terminos-y-condiciones\/","name":"Terminos y condiciones - Scope Multi","isPartOf":{"@id":"https:\/\/scope-multi.com\/#website"},"datePublished":"2022-11-14T16:15:01+00:00","dateModified":"2022-11-28T23:43:04+00:00","breadcrumb":{"@id":"https:\/\/scope-multi.com\/terminos-y-condiciones\/#breadcrumb"},"inLanguage":"en-US","potentialAction":[{"@type":"ReadAction","target":["https:\/\/scope-multi.com\/terminos-y-condiciones\/"]}]},{"@type":"BreadcrumbList","@id":"https:\/\/scope-multi.com\/terminos-y-condiciones\/#breadcrumb","itemListElement":[{"@type":"ListItem","position":1,"name":"Inicio","item":"https:\/\/scope-multi.com\/"},{"@type":"ListItem","position":2,"name":"Terminos y condiciones"}]},{"@type":"WebSite","@id":"https:\/\/scope-multi.com\/#website","url":"https:\/\/scope-multi.com\/","name":"Scope Multi","description":"CREANDO LUGARES SEGUROS PARA TRABAJOS EN ALTURAS","publisher":{"@id":"https:\/\/scope-multi.com\/#organization"},"potentialAction":[{"@type":"SearchAction","target":{"@type":"EntryPoint","urlTemplate":"https:\/\/scope-multi.com\/?s={search_term_string}"},"query-input":"required name=search_term_string"}],"inLanguage":"en-US"},{"@type":"Organization","@id":"https:\/\/scope-multi.com\/#organization","name":"Scope Multi","url":"https:\/\/scope-multi.com\/","logo":{"@type":"ImageObject","inLanguage":"en-US","@id":"https:\/\/scope-multi.com\/#\/schema\/logo\/image\/","url":"https:\/\/scope-multi.com\/wp-content\/uploads\/2022\/11\/LogoScopeNaranja_TinyPng.png","contentUrl":"https:\/\/scope-multi.com\/wp-content\/uploads\/2022\/11\/LogoScopeNaranja_TinyPng.png","width":921,"height":358,"caption":"Scope Multi"},"image":{"@id":"https:\/\/scope-multi.com\/#\/schema\/logo\/image\/"}}]}},"_links":{"self":[{"href":"https:\/\/scope-multi.com\/en\/wp-json\/wp\/v2\/pages\/1459","targetHints":{"allow":["GET"]}}],"collection":[{"href":"https:\/\/scope-multi.com\/en\/wp-json\/wp\/v2\/pages"}],"about":[{"href":"https:\/\/scope-multi.com\/en\/wp-json\/wp\/v2\/types\/page"}],"author":[{"embeddable":true,"href":"https:\/\/scope-multi.com\/en\/wp-json\/wp\/v2\/users\/2"}],"replies":[{"embeddable":true,"href":"https:\/\/scope-multi.com\/en\/wp-json\/wp\/v2\/comments?post=1459"}],"version-history":[{"count":16,"href":"https:\/\/scope-multi.com\/en\/wp-json\/wp\/v2\/pages\/1459\/revisions"}],"predecessor-version":[{"id":2535,"href":"https:\/\/scope-multi.com\/en\/wp-json\/wp\/v2\/pages\/1459\/revisions\/2535"}],"wp:attachment":[{"href":"https:\/\/scope-multi.com\/en\/wp-json\/wp\/v2\/media?parent=1459"}],"curies":[{"name":"wp","href":"https:\/\/api.w.org\/{rel}","templated":true}]}}