{"id":1474,"date":"2022-11-14T10:53:29","date_gmt":"2022-11-14T16:53:29","guid":{"rendered":"https:\/\/scope-multi.com\/?page_id=1474"},"modified":"2022-11-28T17:58:19","modified_gmt":"2022-11-28T23:58:19","slug":"aviso-de-privacidad","status":"publish","type":"page","link":"https:\/\/scope-multi.com\/en\/aviso-de-privacidad\/","title":{"rendered":"PRIVACY NOTICE"},"content":{"rendered":"<div data-elementor-type=\"wp-page\" data-elementor-id=\"1474\" class=\"elementor elementor-1474\">\n\t\t\t\t\t\t\t\t\t<section class=\"elementor-section elementor-top-section elementor-element elementor-element-3f59cc8 elementor-section-boxed elementor-section-height-default elementor-section-height-default\" data-id=\"3f59cc8\" data-element_type=\"section\">\n\t\t\t\t\t\t<div class=\"elementor-container elementor-column-gap-default\">\n\t\t\t\t\t<div class=\"elementor-column elementor-col-100 elementor-top-column elementor-element elementor-element-42961b8\" data-id=\"42961b8\" data-element_type=\"column\">\n\t\t\t<div class=\"elementor-widget-wrap elementor-element-populated\">\n\t\t\t\t\t\t\t\t<div class=\"elementor-element elementor-element-93efe6f elementor-widget elementor-widget-heading\" data-id=\"93efe6f\" data-element_type=\"widget\" data-widget_type=\"heading.default\">\n\t\t\t\t<div class=\"elementor-widget-container\">\n\t\t\t<style>\/*! elementor - v3.7.8 - 02-10-2022 *\/\n.elementor-heading-title{padding:0;margin:0;line-height:1}.elementor-widget-heading .elementor-heading-title[class*=elementor-size-]>a{color:inherit;font-size:inherit;line-height:inherit}.elementor-widget-heading .elementor-heading-title.elementor-size-small{font-size:15px}.elementor-widget-heading .elementor-heading-title.elementor-size-medium{font-size:19px}.elementor-widget-heading .elementor-heading-title.elementor-size-large{font-size:29px}.elementor-widget-heading .elementor-heading-title.elementor-size-xl{font-size:39px}.elementor-widget-heading .elementor-heading-title.elementor-size-xxl{font-size:59px}<\/style><h2 class=\"elementor-heading-title elementor-size-default\">PRIVACY NOTICE<\/h2>\t\t<\/div>\n\t\t\t\t<\/div>\n\t\t\t\t<div class=\"elementor-element elementor-element-e6293fa elementor-widget elementor-widget-text-editor\" data-id=\"e6293fa\" data-element_type=\"widget\" data-widget_type=\"text-editor.default\">\n\t\t\t\t<div class=\"elementor-widget-container\">\n\t\t\t<style>\/*! elementor - v3.7.8 - 02-10-2022 *\/\n.elementor-widget-text-editor.elementor-drop-cap-view-stacked .elementor-drop-cap{background-color:#818a91;color:#fff}.elementor-widget-text-editor.elementor-drop-cap-view-framed .elementor-drop-cap{color:#818a91;border:3px solid;background-color:transparent}.elementor-widget-text-editor:not(.elementor-drop-cap-view-default) .elementor-drop-cap{margin-top:8px}.elementor-widget-text-editor:not(.elementor-drop-cap-view-default) .elementor-drop-cap-letter{width:1em;height:1em}.elementor-widget-text-editor .elementor-drop-cap{float:left;text-align:center;line-height:1;font-size:50px}.elementor-widget-text-editor .elementor-drop-cap-letter{display:inline-block}<\/style>\t\t\t\t<p>Additional information we may collect about you<\/p><p>We may receive information about you from publicly and commercially available sources in accordance with applicable law.  In addition, we may collect other information you allow a third party to provide to us.  For example, if you choose to access or use social networking services, we may receive and store information that you allow us to receive through those services, such as your e-mail address.<\/p><p>We also may collect other information about you, your device, or your use of the Services in ways that we describe to you at the point of collection or otherwise with your consent.\nAll of the information we collect about you may be combined to help us enhance and improve our products and services and tailor our communications to you.<\/p><p>Use of Information<\/p><p>We may use the information we collect about you:<\/p><p>\u2022\tTo provide you with services, products, or other materials you request (for example, completing your registration for a loyalty program and sending you product samples).<\/p><p>\u2022\tTo communicate with you about our products, services, and promotions.<\/p><p>\u2022\tTo customize your experience with our Services, including by providing you with relevant advertising on our Services and elsewhere.<\/p><p>\u2022\tTo manage and improve your shopping experiences and our products, Services and offerings, including analyzing the use of our products and services, and determining the effectiveness of our advertising.<\/p><p>\u2022\tTo protect the security and integrity of our Services.<\/p><p>\u2022\tTo enforce our legal rights.<\/p><p>\u2022\tOtherwise with your consent.<BR>\nPlease see Your Choices &amp; Rights in Your Information below for information about the choices you may have in relation to our use of your personal information.<\/p><p>Sharing of Information<\/p><p>SCOPE MULTI\u00ae may disclose your information in the following circumstances:<\/p><p>\u2022\tAffiliates. We may share information within SCOPE MULTI\u00ae among our various businesses and affiliated companies, including, for example, to provide you with our product and service improvements. Service.<\/p><p>\u2022\tProviders.  We rely on third-party service providers to perform a variety of contractual services on our behalf.  To do so, we may need to share your information with them.  For example, we may rely on service providers to fulfill our product and service requests, process your credit card and other payments, answer your questions, send e-mails on our behalf, and analyze data to improve our products and services.<\/p><p>\u2022\tOther Parties When Required by Law or as Necessary to Protect Our Services.  There may be instances when we disclose your information to other parties:<\/p><p>\u2022\tTo comply with the law or respond to legal process or a request for cooperation by a government entity.<\/p><p>\u2022\tTo prevent fraud or verify and enforce compliance with the policies governing our Services.<\/p><p>\u2022\tWhere permitted by law, to protect the rights, property, or safety of SCOPE MULTI\u00ae, or any of our respective affiliates, business partners, customers or employees.<\/p><p>\u2022\tOther Parties In Connection With A Corporate Transaction.  We may disclose your information to a third party in the event we sell or transfer all or a portion of a business or our assets to a third party, such as in connection with a merger or in the event of a bankruptcy reorganization or liquidation.  In certain jurisdictions, consent is required for this sharing of information.  We will collect your consent when required by applicable law.<\/p><p>\u2022\tOther Parties with Your Consent At Your Direction.  In addition to the disclosures described in this Privacy Policy, we may share information about you with third parties when you consent to or request such sharing.<BR>\n\n<BR>\n\u2022\tAggregated and Non-Personal Information.  We also may share data in a manner that does not identify you (for example, information that has been aggregated with other records) for general business purposes.  For example, we may disclose the number of visitors to our websites or other Services.<\/p>\t\t\t\t\t\t<\/div>\n\t\t\t\t<\/div>\n\t\t\t\t\t<\/div>\n\t\t<\/div>\n\t\t\t\t\t\t\t<\/div>\n\t\t<\/section>\n\t\t\t\t\t\t\t<\/div>","protected":false},"excerpt":{"rendered":"<p>Aviso de privacidad El propietario de la marca SCOPE MULTI\u00ae con domicilio fiscal en Autopista del Aeropuerto No.104, CP 66647, Fracc. Bosques de San Miguel Segundo sector, Apodaca, Nuevo Le\u00f3n, M\u00e9xico, es responsable de recabar sus datos personales, del uso que se le d\u00e9 a los mismos y de su protecci\u00f3n. \u00bfC\u00f3mo contactarnos? Oficina: SCOPE [&hellip;]<\/p>","protected":false},"author":2,"featured_media":0,"parent":0,"menu_order":0,"comment_status":"closed","ping_status":"closed","template":"","meta":{"footnotes":""},"class_list":["post-1474","page","type-page","status-publish","hentry"],"yoast_head":"<!-- This site is optimized with the Yoast SEO plugin v19.11 - https:\/\/yoast.com\/wordpress\/plugins\/seo\/ -->\n<title>AVISO DE PRIVACIDAD - Scope Multi<\/title>\n<meta name=\"robots\" content=\"index, follow, max-snippet:-1, max-image-preview:large, max-video-preview:-1\" \/>\n<link rel=\"canonical\" href=\"https:\/\/scope-multi.com\/en\/aviso-de-privacidad\/\" \/>\n<meta property=\"og:locale\" content=\"en_US\" \/>\n<meta property=\"og:type\" content=\"article\" \/>\n<meta property=\"og:title\" content=\"AVISO DE PRIVACIDAD - Scope Multi\" \/>\n<meta property=\"og:description\" content=\"Aviso de privacidad El propietario de la marca SCOPE MULTI\u00ae con domicilio fiscal en Autopista del Aeropuerto No.104, CP 66647, Fracc. Bosques de San Miguel Segundo sector, Apodaca, Nuevo Le\u00f3n, M\u00e9xico, es responsable de recabar sus datos personales, del uso que se le d\u00e9 a los mismos y de su protecci\u00f3n. \u00bfC\u00f3mo contactarnos? Oficina: SCOPE [&hellip;]\" \/>\n<meta property=\"og:url\" content=\"https:\/\/scope-multi.com\/en\/aviso-de-privacidad\/\" \/>\n<meta property=\"og:site_name\" content=\"Scope Multi\" \/>\n<meta property=\"article:modified_time\" content=\"2022-11-28T23:58:19+00:00\" \/>\n<meta name=\"twitter:card\" content=\"summary_large_image\" \/>\n<meta name=\"twitter:label1\" content=\"Est. reading time\" \/>\n\t<meta name=\"twitter:data1\" content=\"6 minutes\" \/>\n<script type=\"application\/ld+json\" class=\"yoast-schema-graph\">{\"@context\":\"https:\/\/schema.org\",\"@graph\":[{\"@type\":\"WebPage\",\"@id\":\"https:\/\/scope-multi.com\/aviso-de-privacidad\/\",\"url\":\"https:\/\/scope-multi.com\/aviso-de-privacidad\/\",\"name\":\"AVISO DE PRIVACIDAD - Scope Multi\",\"isPartOf\":{\"@id\":\"https:\/\/scope-multi.com\/#website\"},\"datePublished\":\"2022-11-14T16:53:29+00:00\",\"dateModified\":\"2022-11-28T23:58:19+00:00\",\"breadcrumb\":{\"@id\":\"https:\/\/scope-multi.com\/aviso-de-privacidad\/#breadcrumb\"},\"inLanguage\":\"en-US\",\"potentialAction\":[{\"@type\":\"ReadAction\",\"target\":[\"https:\/\/scope-multi.com\/aviso-de-privacidad\/\"]}]},{\"@type\":\"BreadcrumbList\",\"@id\":\"https:\/\/scope-multi.com\/aviso-de-privacidad\/#breadcrumb\",\"itemListElement\":[{\"@type\":\"ListItem\",\"position\":1,\"name\":\"Inicio\",\"item\":\"https:\/\/scope-multi.com\/\"},{\"@type\":\"ListItem\",\"position\":2,\"name\":\"AVISO DE PRIVACIDAD\"}]},{\"@type\":\"WebSite\",\"@id\":\"https:\/\/scope-multi.com\/#website\",\"url\":\"https:\/\/scope-multi.com\/\",\"name\":\"Scope Multi\",\"description\":\"CREANDO LUGARES SEGUROS PARA TRABAJOS EN ALTURAS\",\"publisher\":{\"@id\":\"https:\/\/scope-multi.com\/#organization\"},\"potentialAction\":[{\"@type\":\"SearchAction\",\"target\":{\"@type\":\"EntryPoint\",\"urlTemplate\":\"https:\/\/scope-multi.com\/?s={search_term_string}\"},\"query-input\":\"required name=search_term_string\"}],\"inLanguage\":\"en-US\"},{\"@type\":\"Organization\",\"@id\":\"https:\/\/scope-multi.com\/#organization\",\"name\":\"Scope Multi\",\"url\":\"https:\/\/scope-multi.com\/\",\"logo\":{\"@type\":\"ImageObject\",\"inLanguage\":\"en-US\",\"@id\":\"https:\/\/scope-multi.com\/#\/schema\/logo\/image\/\",\"url\":\"https:\/\/scope-multi.com\/wp-content\/uploads\/2022\/11\/LogoScopeNaranja_TinyPng.png\",\"contentUrl\":\"https:\/\/scope-multi.com\/wp-content\/uploads\/2022\/11\/LogoScopeNaranja_TinyPng.png\",\"width\":921,\"height\":358,\"caption\":\"Scope Multi\"},\"image\":{\"@id\":\"https:\/\/scope-multi.com\/#\/schema\/logo\/image\/\"}}]}<\/script>\n<!-- \/ Yoast SEO plugin. -->","yoast_head_json":{"title":"AVISO DE PRIVACIDAD - Scope Multi","robots":{"index":"index","follow":"follow","max-snippet":"max-snippet:-1","max-image-preview":"max-image-preview:large","max-video-preview":"max-video-preview:-1"},"canonical":"https:\/\/scope-multi.com\/en\/aviso-de-privacidad\/","og_locale":"en_US","og_type":"article","og_title":"AVISO DE PRIVACIDAD - Scope Multi","og_description":"Aviso de privacidad El propietario de la marca SCOPE MULTI\u00ae con domicilio fiscal en Autopista del Aeropuerto No.104, CP 66647, Fracc. Bosques de San Miguel Segundo sector, Apodaca, Nuevo Le\u00f3n, M\u00e9xico, es responsable de recabar sus datos personales, del uso que se le d\u00e9 a los mismos y de su protecci\u00f3n. \u00bfC\u00f3mo contactarnos? Oficina: SCOPE [&hellip;]","og_url":"https:\/\/scope-multi.com\/en\/aviso-de-privacidad\/","og_site_name":"Scope Multi","article_modified_time":"2022-11-28T23:58:19+00:00","twitter_card":"summary_large_image","twitter_misc":{"Est. reading time":"6 minutes"},"schema":{"@context":"https:\/\/schema.org","@graph":[{"@type":"WebPage","@id":"https:\/\/scope-multi.com\/aviso-de-privacidad\/","url":"https:\/\/scope-multi.com\/aviso-de-privacidad\/","name":"AVISO DE PRIVACIDAD - Scope Multi","isPartOf":{"@id":"https:\/\/scope-multi.com\/#website"},"datePublished":"2022-11-14T16:53:29+00:00","dateModified":"2022-11-28T23:58:19+00:00","breadcrumb":{"@id":"https:\/\/scope-multi.com\/aviso-de-privacidad\/#breadcrumb"},"inLanguage":"en-US","potentialAction":[{"@type":"ReadAction","target":["https:\/\/scope-multi.com\/aviso-de-privacidad\/"]}]},{"@type":"BreadcrumbList","@id":"https:\/\/scope-multi.com\/aviso-de-privacidad\/#breadcrumb","itemListElement":[{"@type":"ListItem","position":1,"name":"Inicio","item":"https:\/\/scope-multi.com\/"},{"@type":"ListItem","position":2,"name":"AVISO DE PRIVACIDAD"}]},{"@type":"WebSite","@id":"https:\/\/scope-multi.com\/#website","url":"https:\/\/scope-multi.com\/","name":"Scope Multi","description":"CREANDO LUGARES SEGUROS PARA TRABAJOS EN ALTURAS","publisher":{"@id":"https:\/\/scope-multi.com\/#organization"},"potentialAction":[{"@type":"SearchAction","target":{"@type":"EntryPoint","urlTemplate":"https:\/\/scope-multi.com\/?s={search_term_string}"},"query-input":"required name=search_term_string"}],"inLanguage":"en-US"},{"@type":"Organization","@id":"https:\/\/scope-multi.com\/#organization","name":"Scope Multi","url":"https:\/\/scope-multi.com\/","logo":{"@type":"ImageObject","inLanguage":"en-US","@id":"https:\/\/scope-multi.com\/#\/schema\/logo\/image\/","url":"https:\/\/scope-multi.com\/wp-content\/uploads\/2022\/11\/LogoScopeNaranja_TinyPng.png","contentUrl":"https:\/\/scope-multi.com\/wp-content\/uploads\/2022\/11\/LogoScopeNaranja_TinyPng.png","width":921,"height":358,"caption":"Scope Multi"},"image":{"@id":"https:\/\/scope-multi.com\/#\/schema\/logo\/image\/"}}]}},"_links":{"self":[{"href":"https:\/\/scope-multi.com\/en\/wp-json\/wp\/v2\/pages\/1474","targetHints":{"allow":["GET"]}}],"collection":[{"href":"https:\/\/scope-multi.com\/en\/wp-json\/wp\/v2\/pages"}],"about":[{"href":"https:\/\/scope-multi.com\/en\/wp-json\/wp\/v2\/types\/page"}],"author":[{"embeddable":true,"href":"https:\/\/scope-multi.com\/en\/wp-json\/wp\/v2\/users\/2"}],"replies":[{"embeddable":true,"href":"https:\/\/scope-multi.com\/en\/wp-json\/wp\/v2\/comments?post=1474"}],"version-history":[{"count":14,"href":"https:\/\/scope-multi.com\/en\/wp-json\/wp\/v2\/pages\/1474\/revisions"}],"predecessor-version":[{"id":2539,"href":"https:\/\/scope-multi.com\/en\/wp-json\/wp\/v2\/pages\/1474\/revisions\/2539"}],"wp:attachment":[{"href":"https:\/\/scope-multi.com\/en\/wp-json\/wp\/v2\/media?parent=1474"}],"curies":[{"name":"wp","href":"https:\/\/api.w.org\/{rel}","templated":true}]}}