{"id":1165,"date":"2022-11-11T18:13:48","date_gmt":"2022-11-12T00:13:48","guid":{"rendered":"https:\/\/scope-multi.com\/?post_type=product&#038;p=1165"},"modified":"2023-03-22T10:17:57","modified_gmt":"2023-03-22T16:17:57","slug":"punto-de-anclaje-tipo-d-inox-scope-multi","status":"publish","type":"product","link":"https:\/\/scope-multi.com\/en\/catalogo\/sistemas\/anclaje\/punto-de-anclaje-tipo-d-inox-scope-multi\/","title":{"rendered":"Scope Multi\u00ae D Anchor SS"},"content":{"rendered":"<p>The D Anchor SS is built with a high-quality material that guarantees strength and durability even in the toughest environments. This anchor point provides a secure attachment for a complete set of personal fall protection equipment and is therefore suitable for use in combination with lanyards, SRLs &amp; vertical\/horizontal temporary\nlifelines.<\/p>","protected":false},"excerpt":{"rendered":"<p><a class=\"scope-btn\" href=\"https:\/\/drive.google.com\/file\/d\/1MjPgSlcC_hz3S8cSLYtlER-V4mDh7SRl\/view?usp=share_link\" target=\"_blank\" rel=\"noopener\">Download Data Sheet<\/a><\/p>","protected":false},"featured_media":2209,"template":"","meta":[],"product_cat":[43],"product_tag":[],"class_list":["post-1165","product","type-product","status-publish","has-post-thumbnail","hentry","product_cat-anclaje"],"yoast_head":"<!-- This site is optimized with the Yoast SEO plugin v19.11 - https:\/\/yoast.com\/wordpress\/plugins\/seo\/ -->\n<title>Punto de Anclaje Tipo D Inox Scope Multi\u00ae - Scope Multi<\/title>\n<meta name=\"description\" content=\"El Punto de Anclaje tipo &quot;D&quot; Inox est\u00e1 hecho con un material de alta calidad que garantiza resistencia y durabilidad incluso en los entornos m\u00e1s exigentes. Estos puntos de anclaje proporcionan una conexi\u00f3n segura para un equipo de protecci\u00f3n personal completo de protecci\u00f3n contra ca\u00eddas, por lo tanto, son adecuados para su uso en combinaci\u00f3n con l\u00edneas de vida, autoretr\u00e1ctiles y l\u00edneas temporales verticales\/horizontales.\" \/>\n<meta name=\"robots\" content=\"index, follow, max-snippet:-1, max-image-preview:large, max-video-preview:-1\" \/>\n<link rel=\"canonical\" href=\"https:\/\/scope-multi.com\/en\/catalogo\/sistemas\/anclaje\/punto-de-anclaje-tipo-d-inox-scope-multi\/\" \/>\n<meta property=\"og:locale\" content=\"en_US\" \/>\n<meta property=\"og:type\" content=\"article\" \/>\n<meta property=\"og:title\" content=\"Punto de Anclaje Tipo D Inox Scope Multi\u00ae - Scope Multi\" \/>\n<meta property=\"og:description\" content=\"El Punto de Anclaje tipo &quot;D&quot; Inox est\u00e1 hecho con un material de alta calidad que garantiza resistencia y durabilidad incluso en los entornos m\u00e1s exigentes. Estos puntos de anclaje proporcionan una conexi\u00f3n segura para un equipo de protecci\u00f3n personal completo de protecci\u00f3n contra ca\u00eddas, por lo tanto, son adecuados para su uso en combinaci\u00f3n con l\u00edneas de vida, autoretr\u00e1ctiles y l\u00edneas temporales verticales\/horizontales.\" \/>\n<meta property=\"og:url\" content=\"https:\/\/scope-multi.com\/en\/catalogo\/sistemas\/anclaje\/punto-de-anclaje-tipo-d-inox-scope-multi\/\" \/>\n<meta property=\"og:site_name\" content=\"Scope Multi\" \/>\n<meta property=\"article:modified_time\" content=\"2023-03-22T16:17:57+00:00\" \/>\n<meta property=\"og:image\" content=\"https:\/\/scope-multi.com\/wp-content\/uploads\/2022\/11\/611000-SS_-Anclaje-SCOPE-Tipo-D-3.png\" \/>\n\t<meta property=\"og:image:width\" content=\"1080\" \/>\n\t<meta property=\"og:image:height\" content=\"1080\" \/>\n\t<meta property=\"og:image:type\" content=\"image\/png\" \/>\n<meta name=\"twitter:card\" content=\"summary_large_image\" \/>\n<meta name=\"twitter:label1\" content=\"Est. reading time\" \/>\n\t<meta name=\"twitter:data1\" content=\"1 minute\" \/>\n<script type=\"application\/ld+json\" class=\"yoast-schema-graph\">{\"@context\":\"https:\/\/schema.org\",\"@graph\":[{\"@type\":\"WebPage\",\"@id\":\"https:\/\/scope-multi.com\/catalogo\/sistemas\/anclaje\/punto-de-anclaje-tipo-d-inox-scope-multi\/\",\"url\":\"https:\/\/scope-multi.com\/catalogo\/sistemas\/anclaje\/punto-de-anclaje-tipo-d-inox-scope-multi\/\",\"name\":\"Punto de Anclaje Tipo D Inox Scope Multi\u00ae - Scope Multi\",\"isPartOf\":{\"@id\":\"https:\/\/scope-multi.com\/#website\"},\"datePublished\":\"2022-11-12T00:13:48+00:00\",\"dateModified\":\"2023-03-22T16:17:57+00:00\",\"description\":\"El Punto de Anclaje tipo \\\"D\\\" Inox est\u00e1 hecho con un material de alta calidad que garantiza resistencia y durabilidad incluso en los entornos m\u00e1s exigentes. Estos puntos de anclaje proporcionan una conexi\u00f3n segura para un equipo de protecci\u00f3n personal completo de protecci\u00f3n contra ca\u00eddas, por lo tanto, son adecuados para su uso en combinaci\u00f3n con l\u00edneas de vida, autoretr\u00e1ctiles y l\u00edneas temporales verticales\/horizontales.\",\"breadcrumb\":{\"@id\":\"https:\/\/scope-multi.com\/catalogo\/sistemas\/anclaje\/punto-de-anclaje-tipo-d-inox-scope-multi\/#breadcrumb\"},\"inLanguage\":\"en-US\",\"potentialAction\":[{\"@type\":\"ReadAction\",\"target\":[\"https:\/\/scope-multi.com\/catalogo\/sistemas\/anclaje\/punto-de-anclaje-tipo-d-inox-scope-multi\/\"]}]},{\"@type\":\"BreadcrumbList\",\"@id\":\"https:\/\/scope-multi.com\/catalogo\/sistemas\/anclaje\/punto-de-anclaje-tipo-d-inox-scope-multi\/#breadcrumb\",\"itemListElement\":[{\"@type\":\"ListItem\",\"position\":1,\"name\":\"Inicio\",\"item\":\"https:\/\/scope-multi.com\/\"},{\"@type\":\"ListItem\",\"position\":2,\"name\":\"CAT\u00c1LOGO\",\"item\":\"https:\/\/scope-multi.com\/catalogo\/\"},{\"@type\":\"ListItem\",\"position\":3,\"name\":\"Punto de Anclaje Tipo D Inox Scope Multi\u00ae\"}]},{\"@type\":\"WebSite\",\"@id\":\"https:\/\/scope-multi.com\/#website\",\"url\":\"https:\/\/scope-multi.com\/\",\"name\":\"Scope Multi\",\"description\":\"CREANDO LUGARES SEGUROS PARA TRABAJOS EN ALTURAS\",\"publisher\":{\"@id\":\"https:\/\/scope-multi.com\/#organization\"},\"potentialAction\":[{\"@type\":\"SearchAction\",\"target\":{\"@type\":\"EntryPoint\",\"urlTemplate\":\"https:\/\/scope-multi.com\/?s={search_term_string}\"},\"query-input\":\"required name=search_term_string\"}],\"inLanguage\":\"en-US\"},{\"@type\":\"Organization\",\"@id\":\"https:\/\/scope-multi.com\/#organization\",\"name\":\"Scope Multi\",\"url\":\"https:\/\/scope-multi.com\/\",\"logo\":{\"@type\":\"ImageObject\",\"inLanguage\":\"en-US\",\"@id\":\"https:\/\/scope-multi.com\/#\/schema\/logo\/image\/\",\"url\":\"https:\/\/scope-multi.com\/wp-content\/uploads\/2022\/11\/LogoScopeNaranja_TinyPng.png\",\"contentUrl\":\"https:\/\/scope-multi.com\/wp-content\/uploads\/2022\/11\/LogoScopeNaranja_TinyPng.png\",\"width\":921,\"height\":358,\"caption\":\"Scope Multi\"},\"image\":{\"@id\":\"https:\/\/scope-multi.com\/#\/schema\/logo\/image\/\"}}]}<\/script>\n<!-- \/ Yoast SEO plugin. -->","yoast_head_json":{"title":"Punto de Anclaje Tipo D Inox Scope Multi\u00ae - Scope Multi","description":"El Punto de Anclaje tipo \"D\" Inox est\u00e1 hecho con un material de alta calidad que garantiza resistencia y durabilidad incluso en los entornos m\u00e1s exigentes. Estos puntos de anclaje proporcionan una conexi\u00f3n segura para un equipo de protecci\u00f3n personal completo de protecci\u00f3n contra ca\u00eddas, por lo tanto, son adecuados para su uso en combinaci\u00f3n con l\u00edneas de vida, autoretr\u00e1ctiles y l\u00edneas temporales verticales\/horizontales.","robots":{"index":"index","follow":"follow","max-snippet":"max-snippet:-1","max-image-preview":"max-image-preview:large","max-video-preview":"max-video-preview:-1"},"canonical":"https:\/\/scope-multi.com\/en\/catalogo\/sistemas\/anclaje\/punto-de-anclaje-tipo-d-inox-scope-multi\/","og_locale":"en_US","og_type":"article","og_title":"Punto de Anclaje Tipo D Inox Scope Multi\u00ae - Scope Multi","og_description":"El Punto de Anclaje tipo \"D\" Inox est\u00e1 hecho con un material de alta calidad que garantiza resistencia y durabilidad incluso en los entornos m\u00e1s exigentes. Estos puntos de anclaje proporcionan una conexi\u00f3n segura para un equipo de protecci\u00f3n personal completo de protecci\u00f3n contra ca\u00eddas, por lo tanto, son adecuados para su uso en combinaci\u00f3n con l\u00edneas de vida, autoretr\u00e1ctiles y l\u00edneas temporales verticales\/horizontales.","og_url":"https:\/\/scope-multi.com\/en\/catalogo\/sistemas\/anclaje\/punto-de-anclaje-tipo-d-inox-scope-multi\/","og_site_name":"Scope Multi","article_modified_time":"2023-03-22T16:17:57+00:00","og_image":[{"width":1080,"height":1080,"url":"https:\/\/scope-multi.com\/wp-content\/uploads\/2022\/11\/611000-SS_-Anclaje-SCOPE-Tipo-D-3.png","type":"image\/png"}],"twitter_card":"summary_large_image","twitter_misc":{"Est. reading time":"1 minute"},"schema":{"@context":"https:\/\/schema.org","@graph":[{"@type":"WebPage","@id":"https:\/\/scope-multi.com\/catalogo\/sistemas\/anclaje\/punto-de-anclaje-tipo-d-inox-scope-multi\/","url":"https:\/\/scope-multi.com\/catalogo\/sistemas\/anclaje\/punto-de-anclaje-tipo-d-inox-scope-multi\/","name":"Punto de Anclaje Tipo D Inox Scope Multi\u00ae - Scope Multi","isPartOf":{"@id":"https:\/\/scope-multi.com\/#website"},"datePublished":"2022-11-12T00:13:48+00:00","dateModified":"2023-03-22T16:17:57+00:00","description":"El Punto de Anclaje tipo \"D\" Inox est\u00e1 hecho con un material de alta calidad que garantiza resistencia y durabilidad incluso en los entornos m\u00e1s exigentes. Estos puntos de anclaje proporcionan una conexi\u00f3n segura para un equipo de protecci\u00f3n personal completo de protecci\u00f3n contra ca\u00eddas, por lo tanto, son adecuados para su uso en combinaci\u00f3n con l\u00edneas de vida, autoretr\u00e1ctiles y l\u00edneas temporales verticales\/horizontales.","breadcrumb":{"@id":"https:\/\/scope-multi.com\/catalogo\/sistemas\/anclaje\/punto-de-anclaje-tipo-d-inox-scope-multi\/#breadcrumb"},"inLanguage":"en-US","potentialAction":[{"@type":"ReadAction","target":["https:\/\/scope-multi.com\/catalogo\/sistemas\/anclaje\/punto-de-anclaje-tipo-d-inox-scope-multi\/"]}]},{"@type":"BreadcrumbList","@id":"https:\/\/scope-multi.com\/catalogo\/sistemas\/anclaje\/punto-de-anclaje-tipo-d-inox-scope-multi\/#breadcrumb","itemListElement":[{"@type":"ListItem","position":1,"name":"Inicio","item":"https:\/\/scope-multi.com\/"},{"@type":"ListItem","position":2,"name":"CAT\u00c1LOGO","item":"https:\/\/scope-multi.com\/catalogo\/"},{"@type":"ListItem","position":3,"name":"Punto de Anclaje Tipo D Inox Scope Multi\u00ae"}]},{"@type":"WebSite","@id":"https:\/\/scope-multi.com\/#website","url":"https:\/\/scope-multi.com\/","name":"Scope Multi","description":"CREANDO LUGARES SEGUROS PARA TRABAJOS EN ALTURAS","publisher":{"@id":"https:\/\/scope-multi.com\/#organization"},"potentialAction":[{"@type":"SearchAction","target":{"@type":"EntryPoint","urlTemplate":"https:\/\/scope-multi.com\/?s={search_term_string}"},"query-input":"required name=search_term_string"}],"inLanguage":"en-US"},{"@type":"Organization","@id":"https:\/\/scope-multi.com\/#organization","name":"Scope Multi","url":"https:\/\/scope-multi.com\/","logo":{"@type":"ImageObject","inLanguage":"en-US","@id":"https:\/\/scope-multi.com\/#\/schema\/logo\/image\/","url":"https:\/\/scope-multi.com\/wp-content\/uploads\/2022\/11\/LogoScopeNaranja_TinyPng.png","contentUrl":"https:\/\/scope-multi.com\/wp-content\/uploads\/2022\/11\/LogoScopeNaranja_TinyPng.png","width":921,"height":358,"caption":"Scope Multi"},"image":{"@id":"https:\/\/scope-multi.com\/#\/schema\/logo\/image\/"}}]}},"_links":{"self":[{"href":"https:\/\/scope-multi.com\/en\/wp-json\/wp\/v2\/product\/1165","targetHints":{"allow":["GET"]}}],"collection":[{"href":"https:\/\/scope-multi.com\/en\/wp-json\/wp\/v2\/product"}],"about":[{"href":"https:\/\/scope-multi.com\/en\/wp-json\/wp\/v2\/types\/product"}],"wp:featuredmedia":[{"embeddable":true,"href":"https:\/\/scope-multi.com\/en\/wp-json\/wp\/v2\/media\/2209"}],"wp:attachment":[{"href":"https:\/\/scope-multi.com\/en\/wp-json\/wp\/v2\/media?parent=1165"}],"wp:term":[{"taxonomy":"product_cat","embeddable":true,"href":"https:\/\/scope-multi.com\/en\/wp-json\/wp\/v2\/product_cat?post=1165"},{"taxonomy":"product_tag","embeddable":true,"href":"https:\/\/scope-multi.com\/en\/wp-json\/wp\/v2\/product_tag?post=1165"}],"curies":[{"name":"wp","href":"https:\/\/api.w.org\/{rel}","templated":true}]}}