{"id":2566,"date":"2022-11-29T12:46:01","date_gmt":"2022-11-29T18:46:01","guid":{"rendered":"https:\/\/scope-multi.com\/?post_type=product&#038;p=2566"},"modified":"2023-03-31T09:46:48","modified_gmt":"2023-03-31T15:46:48","slug":"extension-para-cable-scope-multi-2","status":"publish","type":"product","link":"https:\/\/scope-multi.com\/en\/catalogo\/sistemas\/overhead\/extension-para-cable-scope-multi-2\/","title":{"rendered":"Scope Multi\u00ae Cable Pressing Extension"},"content":{"rendered":"<p>The Cable Extension is useful in cases where it is necessary to lengthen the cable to cover a greater distance. The connection to the cable is made by crimping.<\/p>","protected":false},"excerpt":{"rendered":"<p><a class=\"scope-btn\" href=\"https:\/\/drive.google.com\/file\/d\/14GH0T6RQwVZ20VQryePfhRCbNRCZw16v\/view?usp=share_link\" target=\"_blank\" rel=\"noopener\">Download Data Sheet<\/a><\/p>","protected":false},"featured_media":2190,"template":"","meta":[],"product_cat":[40,39,42,41],"product_tag":[],"class_list":["post-2566","product","type-product","status-publish","has-post-thumbnail","hentry","product_cat-pared","product_cat-overhead","product_cat-techo","product_cat-vertical"],"yoast_head":"<!-- This site is optimized with the Yoast SEO plugin v19.11 - https:\/\/yoast.com\/wordpress\/plugins\/seo\/ -->\n<title>Extensi\u00f3n para Cable Scope Multi\u00ae - Scope Multi<\/title>\n<meta name=\"description\" content=\"La Extensi\u00f3n para Cable es \u00fatil en casos donde se requiere alargar la longitud del cable para cubrir una mayor distancia. La conexi\u00f3n al cable se logra por un proceso de ponchado.\" \/>\n<meta name=\"robots\" content=\"index, follow, max-snippet:-1, max-image-preview:large, max-video-preview:-1\" \/>\n<link rel=\"canonical\" href=\"https:\/\/scope-multi.com\/en\/catalogo\/sistemas\/overhead\/extension-para-cable-scope-multi-2\/\" \/>\n<meta property=\"og:locale\" content=\"en_US\" \/>\n<meta property=\"og:type\" content=\"article\" \/>\n<meta property=\"og:title\" content=\"Extensi\u00f3n para Cable Scope Multi\u00ae - Scope Multi\" \/>\n<meta property=\"og:description\" content=\"La Extensi\u00f3n para Cable es \u00fatil en casos donde se requiere alargar la longitud del cable para cubrir una mayor distancia. La conexi\u00f3n al cable se logra por un proceso de ponchado.\" \/>\n<meta property=\"og:url\" content=\"https:\/\/scope-multi.com\/en\/catalogo\/sistemas\/overhead\/extension-para-cable-scope-multi-2\/\" \/>\n<meta property=\"og:site_name\" content=\"Scope Multi\" \/>\n<meta property=\"article:modified_time\" content=\"2023-03-31T15:46:48+00:00\" \/>\n<meta property=\"og:image\" content=\"https:\/\/scope-multi.com\/wp-content\/uploads\/2022\/11\/632000-2.png\" \/>\n\t<meta property=\"og:image:width\" content=\"1080\" \/>\n\t<meta property=\"og:image:height\" content=\"1080\" \/>\n\t<meta property=\"og:image:type\" content=\"image\/png\" \/>\n<meta name=\"twitter:card\" content=\"summary_large_image\" \/>\n<meta name=\"twitter:label1\" content=\"Est. reading time\" \/>\n\t<meta name=\"twitter:data1\" content=\"1 minute\" \/>\n<script type=\"application\/ld+json\" class=\"yoast-schema-graph\">{\"@context\":\"https:\/\/schema.org\",\"@graph\":[{\"@type\":\"WebPage\",\"@id\":\"https:\/\/scope-multi.com\/catalogo\/sistemas\/overhead\/extension-para-cable-scope-multi-2\/\",\"url\":\"https:\/\/scope-multi.com\/catalogo\/sistemas\/overhead\/extension-para-cable-scope-multi-2\/\",\"name\":\"Extensi\u00f3n para Cable Scope Multi\u00ae - Scope Multi\",\"isPartOf\":{\"@id\":\"https:\/\/scope-multi.com\/#website\"},\"datePublished\":\"2022-11-29T18:46:01+00:00\",\"dateModified\":\"2023-03-31T15:46:48+00:00\",\"description\":\"La Extensi\u00f3n para Cable es \u00fatil en casos donde se requiere alargar la longitud del cable para cubrir una mayor distancia. La conexi\u00f3n al cable se logra por un proceso de ponchado.\",\"breadcrumb\":{\"@id\":\"https:\/\/scope-multi.com\/catalogo\/sistemas\/overhead\/extension-para-cable-scope-multi-2\/#breadcrumb\"},\"inLanguage\":\"en-US\",\"potentialAction\":[{\"@type\":\"ReadAction\",\"target\":[\"https:\/\/scope-multi.com\/catalogo\/sistemas\/overhead\/extension-para-cable-scope-multi-2\/\"]}]},{\"@type\":\"BreadcrumbList\",\"@id\":\"https:\/\/scope-multi.com\/catalogo\/sistemas\/overhead\/extension-para-cable-scope-multi-2\/#breadcrumb\",\"itemListElement\":[{\"@type\":\"ListItem\",\"position\":1,\"name\":\"Inicio\",\"item\":\"https:\/\/scope-multi.com\/\"},{\"@type\":\"ListItem\",\"position\":2,\"name\":\"CAT\u00c1LOGO\",\"item\":\"https:\/\/scope-multi.com\/catalogo\/\"},{\"@type\":\"ListItem\",\"position\":3,\"name\":\"Extensi\u00f3n para Cable Scope Multi\u00ae\"}]},{\"@type\":\"WebSite\",\"@id\":\"https:\/\/scope-multi.com\/#website\",\"url\":\"https:\/\/scope-multi.com\/\",\"name\":\"Scope Multi\",\"description\":\"CREANDO LUGARES SEGUROS PARA TRABAJOS EN ALTURAS\",\"publisher\":{\"@id\":\"https:\/\/scope-multi.com\/#organization\"},\"potentialAction\":[{\"@type\":\"SearchAction\",\"target\":{\"@type\":\"EntryPoint\",\"urlTemplate\":\"https:\/\/scope-multi.com\/?s={search_term_string}\"},\"query-input\":\"required name=search_term_string\"}],\"inLanguage\":\"en-US\"},{\"@type\":\"Organization\",\"@id\":\"https:\/\/scope-multi.com\/#organization\",\"name\":\"Scope Multi\",\"url\":\"https:\/\/scope-multi.com\/\",\"logo\":{\"@type\":\"ImageObject\",\"inLanguage\":\"en-US\",\"@id\":\"https:\/\/scope-multi.com\/#\/schema\/logo\/image\/\",\"url\":\"https:\/\/scope-multi.com\/wp-content\/uploads\/2022\/11\/LogoScopeNaranja_TinyPng.png\",\"contentUrl\":\"https:\/\/scope-multi.com\/wp-content\/uploads\/2022\/11\/LogoScopeNaranja_TinyPng.png\",\"width\":921,\"height\":358,\"caption\":\"Scope Multi\"},\"image\":{\"@id\":\"https:\/\/scope-multi.com\/#\/schema\/logo\/image\/\"}}]}<\/script>\n<!-- \/ Yoast SEO plugin. -->","yoast_head_json":{"title":"Extensi\u00f3n para Cable Scope Multi\u00ae - Scope Multi","description":"La Extensi\u00f3n para Cable es \u00fatil en casos donde se requiere alargar la longitud del cable para cubrir una mayor distancia. La conexi\u00f3n al cable se logra por un proceso de ponchado.","robots":{"index":"index","follow":"follow","max-snippet":"max-snippet:-1","max-image-preview":"max-image-preview:large","max-video-preview":"max-video-preview:-1"},"canonical":"https:\/\/scope-multi.com\/en\/catalogo\/sistemas\/overhead\/extension-para-cable-scope-multi-2\/","og_locale":"en_US","og_type":"article","og_title":"Extensi\u00f3n para Cable Scope Multi\u00ae - Scope Multi","og_description":"La Extensi\u00f3n para Cable es \u00fatil en casos donde se requiere alargar la longitud del cable para cubrir una mayor distancia. La conexi\u00f3n al cable se logra por un proceso de ponchado.","og_url":"https:\/\/scope-multi.com\/en\/catalogo\/sistemas\/overhead\/extension-para-cable-scope-multi-2\/","og_site_name":"Scope Multi","article_modified_time":"2023-03-31T15:46:48+00:00","og_image":[{"width":1080,"height":1080,"url":"https:\/\/scope-multi.com\/wp-content\/uploads\/2022\/11\/632000-2.png","type":"image\/png"}],"twitter_card":"summary_large_image","twitter_misc":{"Est. reading time":"1 minute"},"schema":{"@context":"https:\/\/schema.org","@graph":[{"@type":"WebPage","@id":"https:\/\/scope-multi.com\/catalogo\/sistemas\/overhead\/extension-para-cable-scope-multi-2\/","url":"https:\/\/scope-multi.com\/catalogo\/sistemas\/overhead\/extension-para-cable-scope-multi-2\/","name":"Extensi\u00f3n para Cable Scope Multi\u00ae - Scope Multi","isPartOf":{"@id":"https:\/\/scope-multi.com\/#website"},"datePublished":"2022-11-29T18:46:01+00:00","dateModified":"2023-03-31T15:46:48+00:00","description":"La Extensi\u00f3n para Cable es \u00fatil en casos donde se requiere alargar la longitud del cable para cubrir una mayor distancia. La conexi\u00f3n al cable se logra por un proceso de ponchado.","breadcrumb":{"@id":"https:\/\/scope-multi.com\/catalogo\/sistemas\/overhead\/extension-para-cable-scope-multi-2\/#breadcrumb"},"inLanguage":"en-US","potentialAction":[{"@type":"ReadAction","target":["https:\/\/scope-multi.com\/catalogo\/sistemas\/overhead\/extension-para-cable-scope-multi-2\/"]}]},{"@type":"BreadcrumbList","@id":"https:\/\/scope-multi.com\/catalogo\/sistemas\/overhead\/extension-para-cable-scope-multi-2\/#breadcrumb","itemListElement":[{"@type":"ListItem","position":1,"name":"Inicio","item":"https:\/\/scope-multi.com\/"},{"@type":"ListItem","position":2,"name":"CAT\u00c1LOGO","item":"https:\/\/scope-multi.com\/catalogo\/"},{"@type":"ListItem","position":3,"name":"Extensi\u00f3n para Cable Scope Multi\u00ae"}]},{"@type":"WebSite","@id":"https:\/\/scope-multi.com\/#website","url":"https:\/\/scope-multi.com\/","name":"Scope Multi","description":"CREANDO LUGARES SEGUROS PARA TRABAJOS EN ALTURAS","publisher":{"@id":"https:\/\/scope-multi.com\/#organization"},"potentialAction":[{"@type":"SearchAction","target":{"@type":"EntryPoint","urlTemplate":"https:\/\/scope-multi.com\/?s={search_term_string}"},"query-input":"required name=search_term_string"}],"inLanguage":"en-US"},{"@type":"Organization","@id":"https:\/\/scope-multi.com\/#organization","name":"Scope Multi","url":"https:\/\/scope-multi.com\/","logo":{"@type":"ImageObject","inLanguage":"en-US","@id":"https:\/\/scope-multi.com\/#\/schema\/logo\/image\/","url":"https:\/\/scope-multi.com\/wp-content\/uploads\/2022\/11\/LogoScopeNaranja_TinyPng.png","contentUrl":"https:\/\/scope-multi.com\/wp-content\/uploads\/2022\/11\/LogoScopeNaranja_TinyPng.png","width":921,"height":358,"caption":"Scope Multi"},"image":{"@id":"https:\/\/scope-multi.com\/#\/schema\/logo\/image\/"}}]}},"_links":{"self":[{"href":"https:\/\/scope-multi.com\/en\/wp-json\/wp\/v2\/product\/2566","targetHints":{"allow":["GET"]}}],"collection":[{"href":"https:\/\/scope-multi.com\/en\/wp-json\/wp\/v2\/product"}],"about":[{"href":"https:\/\/scope-multi.com\/en\/wp-json\/wp\/v2\/types\/product"}],"wp:featuredmedia":[{"embeddable":true,"href":"https:\/\/scope-multi.com\/en\/wp-json\/wp\/v2\/media\/2190"}],"wp:attachment":[{"href":"https:\/\/scope-multi.com\/en\/wp-json\/wp\/v2\/media?parent=2566"}],"wp:term":[{"taxonomy":"product_cat","embeddable":true,"href":"https:\/\/scope-multi.com\/en\/wp-json\/wp\/v2\/product_cat?post=2566"},{"taxonomy":"product_tag","embeddable":true,"href":"https:\/\/scope-multi.com\/en\/wp-json\/wp\/v2\/product_tag?post=2566"}],"curies":[{"name":"wp","href":"https:\/\/api.w.org\/{rel}","templated":true}]}}