{"id":754,"date":"2022-11-10T14:39:13","date_gmt":"2022-11-10T20:39:13","guid":{"rendered":"https:\/\/scope-multi.com\/wp1\/?post_type=product&#038;p=754"},"modified":"2023-03-24T12:14:07","modified_gmt":"2023-03-24T18:14:07","slug":"soporte-extremo-overhead-scope-multi","status":"publish","type":"product","link":"https:\/\/scope-multi.com\/en\/catalogo\/sistemas\/overhead\/soporte-extremo-overhead-scope-multi\/","title":{"rendered":"Scope Multi\u00ae Overhead End Point <span class='highlight'>Overhead<\/span> Scope Multi\u00ae"},"content":{"rendered":"<div>\n<div>The End Point is the connection between the line system and the structure. It is designed for easy installation on steel \/ concrete beams and structures of sufficient strength. The End Point is designed to rotate and always be in line with the cable, which results in minimal shear stress in case of a fall.<\/div>\n<\/div>\n<div><\/div>\n<div><\/div>\n<div><\/div>\n<div><\/div>","protected":false},"excerpt":{"rendered":"<p><a class=\"scope-btn\" href=\"https:\/\/drive.google.com\/file\/d\/1GCKjF2HlhAFCXVzL_YluyD9zR-dFSc8P\/view?usp=share_link\" target=\"_blank\" rel=\"noopener\">Download Data Sheet<\/a><\/p>","protected":false},"featured_media":2199,"template":"","meta":[],"product_cat":[39],"product_tag":[],"class_list":["post-754","product","type-product","status-publish","has-post-thumbnail","hentry","product_cat-overhead"],"yoast_head":"<!-- This site is optimized with the Yoast SEO plugin v19.11 - https:\/\/yoast.com\/wordpress\/plugins\/seo\/ -->\n<title>Soporte Extremo Overhead Scope Multi\u00ae - Scope Multi<\/title>\n<meta name=\"description\" content=\"El Soporte Extremo Overhead es la conexi\u00f3n entre la l\u00ednea de vida y la estructura. Est\u00e1 dise\u00f1ado para instalaci\u00f3n en vigas y estructuras met\u00e1licas \/ concreto de suficiente resistencia. El Soporte Extremo es giratorio y est\u00e1 siempre en l\u00ednea con el cable, de esta forma reduce la fuerza cortante en caso de una ca\u00edda.\" \/>\n<meta name=\"robots\" content=\"index, follow, max-snippet:-1, max-image-preview:large, max-video-preview:-1\" \/>\n<link rel=\"canonical\" href=\"https:\/\/scope-multi.com\/en\/catalogo\/sistemas\/overhead\/soporte-extremo-overhead-scope-multi\/\" \/>\n<meta property=\"og:locale\" content=\"en_US\" \/>\n<meta property=\"og:type\" content=\"article\" \/>\n<meta property=\"og:title\" content=\"Soporte Extremo Overhead Scope Multi\u00ae - Scope Multi\" \/>\n<meta property=\"og:description\" content=\"El Soporte Extremo Overhead es la conexi\u00f3n entre la l\u00ednea de vida y la estructura. Est\u00e1 dise\u00f1ado para instalaci\u00f3n en vigas y estructuras met\u00e1licas \/ concreto de suficiente resistencia. El Soporte Extremo es giratorio y est\u00e1 siempre en l\u00ednea con el cable, de esta forma reduce la fuerza cortante en caso de una ca\u00edda.\" \/>\n<meta property=\"og:url\" content=\"https:\/\/scope-multi.com\/en\/catalogo\/sistemas\/overhead\/soporte-extremo-overhead-scope-multi\/\" \/>\n<meta property=\"og:site_name\" content=\"Scope Multi\" \/>\n<meta property=\"article:modified_time\" content=\"2023-03-24T18:14:07+00:00\" \/>\n<meta property=\"og:image\" content=\"https:\/\/scope-multi.com\/wp-content\/uploads\/2022\/11\/651000-2.png\" \/>\n\t<meta property=\"og:image:width\" content=\"1080\" \/>\n\t<meta property=\"og:image:height\" content=\"1080\" \/>\n\t<meta property=\"og:image:type\" content=\"image\/png\" \/>\n<meta name=\"twitter:card\" content=\"summary_large_image\" \/>\n<meta name=\"twitter:label1\" content=\"Est. reading time\" \/>\n\t<meta name=\"twitter:data1\" content=\"1 minute\" \/>\n<script type=\"application\/ld+json\" class=\"yoast-schema-graph\">{\"@context\":\"https:\/\/schema.org\",\"@graph\":[{\"@type\":\"WebPage\",\"@id\":\"https:\/\/scope-multi.com\/catalogo\/sistemas\/overhead\/soporte-extremo-overhead-scope-multi\/\",\"url\":\"https:\/\/scope-multi.com\/catalogo\/sistemas\/overhead\/soporte-extremo-overhead-scope-multi\/\",\"name\":\"Soporte Extremo Overhead Scope Multi\u00ae - Scope Multi\",\"isPartOf\":{\"@id\":\"https:\/\/scope-multi.com\/#website\"},\"datePublished\":\"2022-11-10T20:39:13+00:00\",\"dateModified\":\"2023-03-24T18:14:07+00:00\",\"description\":\"El Soporte Extremo Overhead es la conexi\u00f3n entre la l\u00ednea de vida y la estructura. Est\u00e1 dise\u00f1ado para instalaci\u00f3n en vigas y estructuras met\u00e1licas \/ concreto de suficiente resistencia. El Soporte Extremo es giratorio y est\u00e1 siempre en l\u00ednea con el cable, de esta forma reduce la fuerza cortante en caso de una ca\u00edda.\",\"breadcrumb\":{\"@id\":\"https:\/\/scope-multi.com\/catalogo\/sistemas\/overhead\/soporte-extremo-overhead-scope-multi\/#breadcrumb\"},\"inLanguage\":\"en-US\",\"potentialAction\":[{\"@type\":\"ReadAction\",\"target\":[\"https:\/\/scope-multi.com\/catalogo\/sistemas\/overhead\/soporte-extremo-overhead-scope-multi\/\"]}]},{\"@type\":\"BreadcrumbList\",\"@id\":\"https:\/\/scope-multi.com\/catalogo\/sistemas\/overhead\/soporte-extremo-overhead-scope-multi\/#breadcrumb\",\"itemListElement\":[{\"@type\":\"ListItem\",\"position\":1,\"name\":\"Inicio\",\"item\":\"https:\/\/scope-multi.com\/\"},{\"@type\":\"ListItem\",\"position\":2,\"name\":\"CAT\u00c1LOGO\",\"item\":\"https:\/\/scope-multi.com\/catalogo\/\"},{\"@type\":\"ListItem\",\"position\":3,\"name\":\"Soporte Extremo Overhead Scope Multi\u00ae\"}]},{\"@type\":\"WebSite\",\"@id\":\"https:\/\/scope-multi.com\/#website\",\"url\":\"https:\/\/scope-multi.com\/\",\"name\":\"Scope Multi\",\"description\":\"CREANDO LUGARES SEGUROS PARA TRABAJOS EN ALTURAS\",\"publisher\":{\"@id\":\"https:\/\/scope-multi.com\/#organization\"},\"potentialAction\":[{\"@type\":\"SearchAction\",\"target\":{\"@type\":\"EntryPoint\",\"urlTemplate\":\"https:\/\/scope-multi.com\/?s={search_term_string}\"},\"query-input\":\"required name=search_term_string\"}],\"inLanguage\":\"en-US\"},{\"@type\":\"Organization\",\"@id\":\"https:\/\/scope-multi.com\/#organization\",\"name\":\"Scope Multi\",\"url\":\"https:\/\/scope-multi.com\/\",\"logo\":{\"@type\":\"ImageObject\",\"inLanguage\":\"en-US\",\"@id\":\"https:\/\/scope-multi.com\/#\/schema\/logo\/image\/\",\"url\":\"https:\/\/scope-multi.com\/wp-content\/uploads\/2022\/11\/LogoScopeNaranja_TinyPng.png\",\"contentUrl\":\"https:\/\/scope-multi.com\/wp-content\/uploads\/2022\/11\/LogoScopeNaranja_TinyPng.png\",\"width\":921,\"height\":358,\"caption\":\"Scope Multi\"},\"image\":{\"@id\":\"https:\/\/scope-multi.com\/#\/schema\/logo\/image\/\"}}]}<\/script>\n<!-- \/ Yoast SEO plugin. -->","yoast_head_json":{"title":"Soporte Extremo Overhead Scope Multi\u00ae - Scope Multi","description":"El Soporte Extremo Overhead es la conexi\u00f3n entre la l\u00ednea de vida y la estructura. Est\u00e1 dise\u00f1ado para instalaci\u00f3n en vigas y estructuras met\u00e1licas \/ concreto de suficiente resistencia. El Soporte Extremo es giratorio y est\u00e1 siempre en l\u00ednea con el cable, de esta forma reduce la fuerza cortante en caso de una ca\u00edda.","robots":{"index":"index","follow":"follow","max-snippet":"max-snippet:-1","max-image-preview":"max-image-preview:large","max-video-preview":"max-video-preview:-1"},"canonical":"https:\/\/scope-multi.com\/en\/catalogo\/sistemas\/overhead\/soporte-extremo-overhead-scope-multi\/","og_locale":"en_US","og_type":"article","og_title":"Soporte Extremo Overhead Scope Multi\u00ae - Scope Multi","og_description":"El Soporte Extremo Overhead es la conexi\u00f3n entre la l\u00ednea de vida y la estructura. Est\u00e1 dise\u00f1ado para instalaci\u00f3n en vigas y estructuras met\u00e1licas \/ concreto de suficiente resistencia. El Soporte Extremo es giratorio y est\u00e1 siempre en l\u00ednea con el cable, de esta forma reduce la fuerza cortante en caso de una ca\u00edda.","og_url":"https:\/\/scope-multi.com\/en\/catalogo\/sistemas\/overhead\/soporte-extremo-overhead-scope-multi\/","og_site_name":"Scope Multi","article_modified_time":"2023-03-24T18:14:07+00:00","og_image":[{"width":1080,"height":1080,"url":"https:\/\/scope-multi.com\/wp-content\/uploads\/2022\/11\/651000-2.png","type":"image\/png"}],"twitter_card":"summary_large_image","twitter_misc":{"Est. reading time":"1 minute"},"schema":{"@context":"https:\/\/schema.org","@graph":[{"@type":"WebPage","@id":"https:\/\/scope-multi.com\/catalogo\/sistemas\/overhead\/soporte-extremo-overhead-scope-multi\/","url":"https:\/\/scope-multi.com\/catalogo\/sistemas\/overhead\/soporte-extremo-overhead-scope-multi\/","name":"Soporte Extremo Overhead Scope Multi\u00ae - Scope Multi","isPartOf":{"@id":"https:\/\/scope-multi.com\/#website"},"datePublished":"2022-11-10T20:39:13+00:00","dateModified":"2023-03-24T18:14:07+00:00","description":"El Soporte Extremo Overhead es la conexi\u00f3n entre la l\u00ednea de vida y la estructura. Est\u00e1 dise\u00f1ado para instalaci\u00f3n en vigas y estructuras met\u00e1licas \/ concreto de suficiente resistencia. El Soporte Extremo es giratorio y est\u00e1 siempre en l\u00ednea con el cable, de esta forma reduce la fuerza cortante en caso de una ca\u00edda.","breadcrumb":{"@id":"https:\/\/scope-multi.com\/catalogo\/sistemas\/overhead\/soporte-extremo-overhead-scope-multi\/#breadcrumb"},"inLanguage":"en-US","potentialAction":[{"@type":"ReadAction","target":["https:\/\/scope-multi.com\/catalogo\/sistemas\/overhead\/soporte-extremo-overhead-scope-multi\/"]}]},{"@type":"BreadcrumbList","@id":"https:\/\/scope-multi.com\/catalogo\/sistemas\/overhead\/soporte-extremo-overhead-scope-multi\/#breadcrumb","itemListElement":[{"@type":"ListItem","position":1,"name":"Inicio","item":"https:\/\/scope-multi.com\/"},{"@type":"ListItem","position":2,"name":"CAT\u00c1LOGO","item":"https:\/\/scope-multi.com\/catalogo\/"},{"@type":"ListItem","position":3,"name":"Soporte Extremo Overhead Scope Multi\u00ae"}]},{"@type":"WebSite","@id":"https:\/\/scope-multi.com\/#website","url":"https:\/\/scope-multi.com\/","name":"Scope Multi","description":"CREANDO LUGARES SEGUROS PARA TRABAJOS EN ALTURAS","publisher":{"@id":"https:\/\/scope-multi.com\/#organization"},"potentialAction":[{"@type":"SearchAction","target":{"@type":"EntryPoint","urlTemplate":"https:\/\/scope-multi.com\/?s={search_term_string}"},"query-input":"required name=search_term_string"}],"inLanguage":"en-US"},{"@type":"Organization","@id":"https:\/\/scope-multi.com\/#organization","name":"Scope Multi","url":"https:\/\/scope-multi.com\/","logo":{"@type":"ImageObject","inLanguage":"en-US","@id":"https:\/\/scope-multi.com\/#\/schema\/logo\/image\/","url":"https:\/\/scope-multi.com\/wp-content\/uploads\/2022\/11\/LogoScopeNaranja_TinyPng.png","contentUrl":"https:\/\/scope-multi.com\/wp-content\/uploads\/2022\/11\/LogoScopeNaranja_TinyPng.png","width":921,"height":358,"caption":"Scope Multi"},"image":{"@id":"https:\/\/scope-multi.com\/#\/schema\/logo\/image\/"}}]}},"_links":{"self":[{"href":"https:\/\/scope-multi.com\/en\/wp-json\/wp\/v2\/product\/754","targetHints":{"allow":["GET"]}}],"collection":[{"href":"https:\/\/scope-multi.com\/en\/wp-json\/wp\/v2\/product"}],"about":[{"href":"https:\/\/scope-multi.com\/en\/wp-json\/wp\/v2\/types\/product"}],"wp:featuredmedia":[{"embeddable":true,"href":"https:\/\/scope-multi.com\/en\/wp-json\/wp\/v2\/media\/2199"}],"wp:attachment":[{"href":"https:\/\/scope-multi.com\/en\/wp-json\/wp\/v2\/media?parent=754"}],"wp:term":[{"taxonomy":"product_cat","embeddable":true,"href":"https:\/\/scope-multi.com\/en\/wp-json\/wp\/v2\/product_cat?post=754"},{"taxonomy":"product_tag","embeddable":true,"href":"https:\/\/scope-multi.com\/en\/wp-json\/wp\/v2\/product_tag?post=754"}],"curies":[{"name":"wp","href":"https:\/\/api.w.org\/{rel}","templated":true}]}}