{"id":788,"date":"2022-11-10T17:28:29","date_gmt":"2022-11-10T23:28:29","guid":{"rendered":"https:\/\/scope-multi.com\/wp1\/producto\/soporte-intermedio-overhead-scope-multi\/"},"modified":"2023-03-24T12:25:41","modified_gmt":"2023-03-24T18:25:41","slug":"soporte-intermedio-overhead-scope-multi","status":"publish","type":"product","link":"https:\/\/scope-multi.com\/en\/catalogo\/sistemas\/overhead\/soporte-intermedio-overhead-scope-multi\/","title":{"rendered":"Scope Multi\u00ae Overhead Intermediate"},"content":{"rendered":"<p>The Overhead Intermediate is a cable support placed at specific intervals. Due to its special design, the Overhead Shuttle slides easily over it without disconnecting it from the lifeline.<\/p>","protected":false},"excerpt":{"rendered":"<p><a class=\"scope-btn\" href=\"https:\/\/drive.google.com\/file\/d\/13OFcEvOEv9wxMKuv_O-i3jQetCQ91HPK\/view?usp=share_link\" target=\"_blank\" rel=\"noopener\">Download Data Sheet<\/a><\/p>","protected":false},"featured_media":2200,"template":"","meta":[],"product_cat":[39],"product_tag":[],"class_list":["post-788","product","type-product","status-publish","has-post-thumbnail","hentry","product_cat-overhead"],"yoast_head":"<!-- This site is optimized with the Yoast SEO plugin v19.11 - https:\/\/yoast.com\/wordpress\/plugins\/seo\/ -->\n<title>Soporte Intermedio Overhead Scope Multi\u00ae - Scope Multi<\/title>\n<meta name=\"description\" content=\"El Soporte Intermedio Overhead es un punto de apoyo para el cable utilizado en intervalos espec\u00edficos. Debido a su dise\u00f1o especial el Carro Overhead desliza f\u00e1cilmente a trav\u00e9s de \u00e9ste sin necesidad de desconectarlo de la l\u00ednea de vida.\" \/>\n<meta name=\"robots\" content=\"index, follow, max-snippet:-1, max-image-preview:large, max-video-preview:-1\" \/>\n<link rel=\"canonical\" href=\"https:\/\/scope-multi.com\/en\/catalogo\/sistemas\/overhead\/soporte-intermedio-overhead-scope-multi\/\" \/>\n<meta property=\"og:locale\" content=\"en_US\" \/>\n<meta property=\"og:type\" content=\"article\" \/>\n<meta property=\"og:title\" content=\"Soporte Intermedio Overhead Scope Multi\u00ae - Scope Multi\" \/>\n<meta property=\"og:description\" content=\"El Soporte Intermedio Overhead es un punto de apoyo para el cable utilizado en intervalos espec\u00edficos. Debido a su dise\u00f1o especial el Carro Overhead desliza f\u00e1cilmente a trav\u00e9s de \u00e9ste sin necesidad de desconectarlo de la l\u00ednea de vida.\" \/>\n<meta property=\"og:url\" content=\"https:\/\/scope-multi.com\/en\/catalogo\/sistemas\/overhead\/soporte-intermedio-overhead-scope-multi\/\" \/>\n<meta property=\"og:site_name\" content=\"Scope Multi\" \/>\n<meta property=\"article:modified_time\" content=\"2023-03-24T18:25:41+00:00\" \/>\n<meta property=\"og:image\" content=\"https:\/\/scope-multi.com\/wp-content\/uploads\/2022\/11\/652000-2.png\" \/>\n\t<meta property=\"og:image:width\" content=\"1080\" \/>\n\t<meta property=\"og:image:height\" content=\"1080\" \/>\n\t<meta property=\"og:image:type\" content=\"image\/png\" \/>\n<meta name=\"twitter:card\" content=\"summary_large_image\" \/>\n<meta name=\"twitter:label1\" content=\"Est. reading time\" \/>\n\t<meta name=\"twitter:data1\" content=\"1 minute\" \/>\n<script type=\"application\/ld+json\" class=\"yoast-schema-graph\">{\"@context\":\"https:\/\/schema.org\",\"@graph\":[{\"@type\":\"WebPage\",\"@id\":\"https:\/\/scope-multi.com\/catalogo\/sistemas\/overhead\/soporte-intermedio-overhead-scope-multi\/\",\"url\":\"https:\/\/scope-multi.com\/catalogo\/sistemas\/overhead\/soporte-intermedio-overhead-scope-multi\/\",\"name\":\"Soporte Intermedio Overhead Scope Multi\u00ae - Scope Multi\",\"isPartOf\":{\"@id\":\"https:\/\/scope-multi.com\/#website\"},\"datePublished\":\"2022-11-10T23:28:29+00:00\",\"dateModified\":\"2023-03-24T18:25:41+00:00\",\"description\":\"El Soporte Intermedio Overhead es un punto de apoyo para el cable utilizado en intervalos espec\u00edficos. Debido a su dise\u00f1o especial el Carro Overhead desliza f\u00e1cilmente a trav\u00e9s de \u00e9ste sin necesidad de desconectarlo de la l\u00ednea de vida.\",\"breadcrumb\":{\"@id\":\"https:\/\/scope-multi.com\/catalogo\/sistemas\/overhead\/soporte-intermedio-overhead-scope-multi\/#breadcrumb\"},\"inLanguage\":\"en-US\",\"potentialAction\":[{\"@type\":\"ReadAction\",\"target\":[\"https:\/\/scope-multi.com\/catalogo\/sistemas\/overhead\/soporte-intermedio-overhead-scope-multi\/\"]}]},{\"@type\":\"BreadcrumbList\",\"@id\":\"https:\/\/scope-multi.com\/catalogo\/sistemas\/overhead\/soporte-intermedio-overhead-scope-multi\/#breadcrumb\",\"itemListElement\":[{\"@type\":\"ListItem\",\"position\":1,\"name\":\"Inicio\",\"item\":\"https:\/\/scope-multi.com\/\"},{\"@type\":\"ListItem\",\"position\":2,\"name\":\"CAT\u00c1LOGO\",\"item\":\"https:\/\/scope-multi.com\/catalogo\/\"},{\"@type\":\"ListItem\",\"position\":3,\"name\":\"Soporte Intermedio Overhead Scope Multi\u00ae\"}]},{\"@type\":\"WebSite\",\"@id\":\"https:\/\/scope-multi.com\/#website\",\"url\":\"https:\/\/scope-multi.com\/\",\"name\":\"Scope Multi\",\"description\":\"CREANDO LUGARES SEGUROS PARA TRABAJOS EN ALTURAS\",\"publisher\":{\"@id\":\"https:\/\/scope-multi.com\/#organization\"},\"potentialAction\":[{\"@type\":\"SearchAction\",\"target\":{\"@type\":\"EntryPoint\",\"urlTemplate\":\"https:\/\/scope-multi.com\/?s={search_term_string}\"},\"query-input\":\"required name=search_term_string\"}],\"inLanguage\":\"en-US\"},{\"@type\":\"Organization\",\"@id\":\"https:\/\/scope-multi.com\/#organization\",\"name\":\"Scope Multi\",\"url\":\"https:\/\/scope-multi.com\/\",\"logo\":{\"@type\":\"ImageObject\",\"inLanguage\":\"en-US\",\"@id\":\"https:\/\/scope-multi.com\/#\/schema\/logo\/image\/\",\"url\":\"https:\/\/scope-multi.com\/wp-content\/uploads\/2022\/11\/LogoScopeNaranja_TinyPng.png\",\"contentUrl\":\"https:\/\/scope-multi.com\/wp-content\/uploads\/2022\/11\/LogoScopeNaranja_TinyPng.png\",\"width\":921,\"height\":358,\"caption\":\"Scope Multi\"},\"image\":{\"@id\":\"https:\/\/scope-multi.com\/#\/schema\/logo\/image\/\"}}]}<\/script>\n<!-- \/ Yoast SEO plugin. -->","yoast_head_json":{"title":"Soporte Intermedio Overhead Scope Multi\u00ae - Scope Multi","description":"El Soporte Intermedio Overhead es un punto de apoyo para el cable utilizado en intervalos espec\u00edficos. Debido a su dise\u00f1o especial el Carro Overhead desliza f\u00e1cilmente a trav\u00e9s de \u00e9ste sin necesidad de desconectarlo de la l\u00ednea de vida.","robots":{"index":"index","follow":"follow","max-snippet":"max-snippet:-1","max-image-preview":"max-image-preview:large","max-video-preview":"max-video-preview:-1"},"canonical":"https:\/\/scope-multi.com\/en\/catalogo\/sistemas\/overhead\/soporte-intermedio-overhead-scope-multi\/","og_locale":"en_US","og_type":"article","og_title":"Soporte Intermedio Overhead Scope Multi\u00ae - Scope Multi","og_description":"El Soporte Intermedio Overhead es un punto de apoyo para el cable utilizado en intervalos espec\u00edficos. Debido a su dise\u00f1o especial el Carro Overhead desliza f\u00e1cilmente a trav\u00e9s de \u00e9ste sin necesidad de desconectarlo de la l\u00ednea de vida.","og_url":"https:\/\/scope-multi.com\/en\/catalogo\/sistemas\/overhead\/soporte-intermedio-overhead-scope-multi\/","og_site_name":"Scope Multi","article_modified_time":"2023-03-24T18:25:41+00:00","og_image":[{"width":1080,"height":1080,"url":"https:\/\/scope-multi.com\/wp-content\/uploads\/2022\/11\/652000-2.png","type":"image\/png"}],"twitter_card":"summary_large_image","twitter_misc":{"Est. reading time":"1 minute"},"schema":{"@context":"https:\/\/schema.org","@graph":[{"@type":"WebPage","@id":"https:\/\/scope-multi.com\/catalogo\/sistemas\/overhead\/soporte-intermedio-overhead-scope-multi\/","url":"https:\/\/scope-multi.com\/catalogo\/sistemas\/overhead\/soporte-intermedio-overhead-scope-multi\/","name":"Soporte Intermedio Overhead Scope Multi\u00ae - Scope Multi","isPartOf":{"@id":"https:\/\/scope-multi.com\/#website"},"datePublished":"2022-11-10T23:28:29+00:00","dateModified":"2023-03-24T18:25:41+00:00","description":"El Soporte Intermedio Overhead es un punto de apoyo para el cable utilizado en intervalos espec\u00edficos. Debido a su dise\u00f1o especial el Carro Overhead desliza f\u00e1cilmente a trav\u00e9s de \u00e9ste sin necesidad de desconectarlo de la l\u00ednea de vida.","breadcrumb":{"@id":"https:\/\/scope-multi.com\/catalogo\/sistemas\/overhead\/soporte-intermedio-overhead-scope-multi\/#breadcrumb"},"inLanguage":"en-US","potentialAction":[{"@type":"ReadAction","target":["https:\/\/scope-multi.com\/catalogo\/sistemas\/overhead\/soporte-intermedio-overhead-scope-multi\/"]}]},{"@type":"BreadcrumbList","@id":"https:\/\/scope-multi.com\/catalogo\/sistemas\/overhead\/soporte-intermedio-overhead-scope-multi\/#breadcrumb","itemListElement":[{"@type":"ListItem","position":1,"name":"Inicio","item":"https:\/\/scope-multi.com\/"},{"@type":"ListItem","position":2,"name":"CAT\u00c1LOGO","item":"https:\/\/scope-multi.com\/catalogo\/"},{"@type":"ListItem","position":3,"name":"Soporte Intermedio Overhead Scope Multi\u00ae"}]},{"@type":"WebSite","@id":"https:\/\/scope-multi.com\/#website","url":"https:\/\/scope-multi.com\/","name":"Scope Multi","description":"CREANDO LUGARES SEGUROS PARA TRABAJOS EN ALTURAS","publisher":{"@id":"https:\/\/scope-multi.com\/#organization"},"potentialAction":[{"@type":"SearchAction","target":{"@type":"EntryPoint","urlTemplate":"https:\/\/scope-multi.com\/?s={search_term_string}"},"query-input":"required name=search_term_string"}],"inLanguage":"en-US"},{"@type":"Organization","@id":"https:\/\/scope-multi.com\/#organization","name":"Scope Multi","url":"https:\/\/scope-multi.com\/","logo":{"@type":"ImageObject","inLanguage":"en-US","@id":"https:\/\/scope-multi.com\/#\/schema\/logo\/image\/","url":"https:\/\/scope-multi.com\/wp-content\/uploads\/2022\/11\/LogoScopeNaranja_TinyPng.png","contentUrl":"https:\/\/scope-multi.com\/wp-content\/uploads\/2022\/11\/LogoScopeNaranja_TinyPng.png","width":921,"height":358,"caption":"Scope Multi"},"image":{"@id":"https:\/\/scope-multi.com\/#\/schema\/logo\/image\/"}}]}},"_links":{"self":[{"href":"https:\/\/scope-multi.com\/en\/wp-json\/wp\/v2\/product\/788","targetHints":{"allow":["GET"]}}],"collection":[{"href":"https:\/\/scope-multi.com\/en\/wp-json\/wp\/v2\/product"}],"about":[{"href":"https:\/\/scope-multi.com\/en\/wp-json\/wp\/v2\/types\/product"}],"wp:featuredmedia":[{"embeddable":true,"href":"https:\/\/scope-multi.com\/en\/wp-json\/wp\/v2\/media\/2200"}],"wp:attachment":[{"href":"https:\/\/scope-multi.com\/en\/wp-json\/wp\/v2\/media?parent=788"}],"wp:term":[{"taxonomy":"product_cat","embeddable":true,"href":"https:\/\/scope-multi.com\/en\/wp-json\/wp\/v2\/product_cat?post=788"},{"taxonomy":"product_tag","embeddable":true,"href":"https:\/\/scope-multi.com\/en\/wp-json\/wp\/v2\/product_tag?post=788"}],"curies":[{"name":"wp","href":"https:\/\/api.w.org\/{rel}","templated":true}]}}