{"id":790,"date":"2022-11-10T17:28:30","date_gmt":"2022-11-10T23:28:30","guid":{"rendered":"https:\/\/scope-multi.com\/wp1\/producto\/tensor-overhead-scope-multi\/"},"modified":"2023-03-24T13:01:22","modified_gmt":"2023-03-24T19:01:22","slug":"tensor-overhead-scope-multi","status":"publish","type":"product","link":"https:\/\/scope-multi.com\/en\/catalogo\/sistemas\/overhead\/tensor-overhead-scope-multi\/","title":{"rendered":"Scope Multi\u00ae Overhead Tensioner"},"content":{"rendered":"<p>The Overhead Tensioner is designed to be the permanent interconnection between the cable and the End Points. It has a tension adjustment system that works by rotation and is blocked with locking pins once the desired tension is reached. The connection to the cable is made by crimping.<\/p>","protected":false},"excerpt":{"rendered":"<p><a class=\"scope-btn\" href=\"https:\/\/drive.google.com\/file\/d\/13-14ObgQaE2paO8_q34dqt9T7qQdVJSA\/view?usp=share_link\" target=\"_blank\" rel=\"noopener\">Download Data Sheet<\/a><\/p>","protected":false},"featured_media":2202,"template":"","meta":[],"product_cat":[39],"product_tag":[],"class_list":["post-790","product","type-product","status-publish","has-post-thumbnail","hentry","product_cat-overhead"],"yoast_head":"<!-- This site is optimized with the Yoast SEO plugin v19.11 - https:\/\/yoast.com\/wordpress\/plugins\/seo\/ -->\n<title>Tensor Overhead Scope Multi\u00ae - Scope Multi<\/title>\n<meta name=\"description\" content=\"El Tensor Overhead est\u00e1 dise\u00f1ado para que sea una pieza permanente de interconexi\u00f3n entre el Cable y los Soportes Extremos, cuenta con un sistema de ajuste de la tensi\u00f3n del cable por medio de rotaci\u00f3n y unos pines de bloqueo que se utilizan una vez se logra la tensi\u00f3n deseada. La conexi\u00f3n al cable se logra por un proceso de ponchado.\" \/>\n<meta name=\"robots\" content=\"index, follow, max-snippet:-1, max-image-preview:large, max-video-preview:-1\" \/>\n<link rel=\"canonical\" href=\"https:\/\/scope-multi.com\/en\/catalogo\/sistemas\/overhead\/tensor-overhead-scope-multi\/\" \/>\n<meta property=\"og:locale\" content=\"en_US\" \/>\n<meta property=\"og:type\" content=\"article\" \/>\n<meta property=\"og:title\" content=\"Tensor Overhead Scope Multi\u00ae - Scope Multi\" \/>\n<meta property=\"og:description\" content=\"El Tensor Overhead est\u00e1 dise\u00f1ado para que sea una pieza permanente de interconexi\u00f3n entre el Cable y los Soportes Extremos, cuenta con un sistema de ajuste de la tensi\u00f3n del cable por medio de rotaci\u00f3n y unos pines de bloqueo que se utilizan una vez se logra la tensi\u00f3n deseada. La conexi\u00f3n al cable se logra por un proceso de ponchado.\" \/>\n<meta property=\"og:url\" content=\"https:\/\/scope-multi.com\/en\/catalogo\/sistemas\/overhead\/tensor-overhead-scope-multi\/\" \/>\n<meta property=\"og:site_name\" content=\"Scope Multi\" \/>\n<meta property=\"article:modified_time\" content=\"2023-03-24T19:01:22+00:00\" \/>\n<meta property=\"og:image\" content=\"https:\/\/scope-multi.com\/wp-content\/uploads\/2022\/11\/654000-2.png\" \/>\n\t<meta property=\"og:image:width\" content=\"1080\" \/>\n\t<meta property=\"og:image:height\" content=\"1080\" \/>\n\t<meta property=\"og:image:type\" content=\"image\/png\" \/>\n<meta name=\"twitter:card\" content=\"summary_large_image\" \/>\n<meta name=\"twitter:label1\" content=\"Est. reading time\" \/>\n\t<meta name=\"twitter:data1\" content=\"1 minute\" \/>\n<script type=\"application\/ld+json\" class=\"yoast-schema-graph\">{\"@context\":\"https:\/\/schema.org\",\"@graph\":[{\"@type\":\"WebPage\",\"@id\":\"https:\/\/scope-multi.com\/catalogo\/sistemas\/overhead\/tensor-overhead-scope-multi\/\",\"url\":\"https:\/\/scope-multi.com\/catalogo\/sistemas\/overhead\/tensor-overhead-scope-multi\/\",\"name\":\"Tensor Overhead Scope Multi\u00ae - Scope Multi\",\"isPartOf\":{\"@id\":\"https:\/\/scope-multi.com\/#website\"},\"datePublished\":\"2022-11-10T23:28:30+00:00\",\"dateModified\":\"2023-03-24T19:01:22+00:00\",\"description\":\"El Tensor Overhead est\u00e1 dise\u00f1ado para que sea una pieza permanente de interconexi\u00f3n entre el Cable y los Soportes Extremos, cuenta con un sistema de ajuste de la tensi\u00f3n del cable por medio de rotaci\u00f3n y unos pines de bloqueo que se utilizan una vez se logra la tensi\u00f3n deseada. La conexi\u00f3n al cable se logra por un proceso de ponchado.\",\"breadcrumb\":{\"@id\":\"https:\/\/scope-multi.com\/catalogo\/sistemas\/overhead\/tensor-overhead-scope-multi\/#breadcrumb\"},\"inLanguage\":\"en-US\",\"potentialAction\":[{\"@type\":\"ReadAction\",\"target\":[\"https:\/\/scope-multi.com\/catalogo\/sistemas\/overhead\/tensor-overhead-scope-multi\/\"]}]},{\"@type\":\"BreadcrumbList\",\"@id\":\"https:\/\/scope-multi.com\/catalogo\/sistemas\/overhead\/tensor-overhead-scope-multi\/#breadcrumb\",\"itemListElement\":[{\"@type\":\"ListItem\",\"position\":1,\"name\":\"Inicio\",\"item\":\"https:\/\/scope-multi.com\/\"},{\"@type\":\"ListItem\",\"position\":2,\"name\":\"CAT\u00c1LOGO\",\"item\":\"https:\/\/scope-multi.com\/catalogo\/\"},{\"@type\":\"ListItem\",\"position\":3,\"name\":\"Tensor Overhead Scope Multi\u00ae\"}]},{\"@type\":\"WebSite\",\"@id\":\"https:\/\/scope-multi.com\/#website\",\"url\":\"https:\/\/scope-multi.com\/\",\"name\":\"Scope Multi\",\"description\":\"CREANDO LUGARES SEGUROS PARA TRABAJOS EN ALTURAS\",\"publisher\":{\"@id\":\"https:\/\/scope-multi.com\/#organization\"},\"potentialAction\":[{\"@type\":\"SearchAction\",\"target\":{\"@type\":\"EntryPoint\",\"urlTemplate\":\"https:\/\/scope-multi.com\/?s={search_term_string}\"},\"query-input\":\"required name=search_term_string\"}],\"inLanguage\":\"en-US\"},{\"@type\":\"Organization\",\"@id\":\"https:\/\/scope-multi.com\/#organization\",\"name\":\"Scope Multi\",\"url\":\"https:\/\/scope-multi.com\/\",\"logo\":{\"@type\":\"ImageObject\",\"inLanguage\":\"en-US\",\"@id\":\"https:\/\/scope-multi.com\/#\/schema\/logo\/image\/\",\"url\":\"https:\/\/scope-multi.com\/wp-content\/uploads\/2022\/11\/LogoScopeNaranja_TinyPng.png\",\"contentUrl\":\"https:\/\/scope-multi.com\/wp-content\/uploads\/2022\/11\/LogoScopeNaranja_TinyPng.png\",\"width\":921,\"height\":358,\"caption\":\"Scope Multi\"},\"image\":{\"@id\":\"https:\/\/scope-multi.com\/#\/schema\/logo\/image\/\"}}]}<\/script>\n<!-- \/ Yoast SEO plugin. -->","yoast_head_json":{"title":"Tensor Overhead Scope Multi\u00ae - Scope Multi","description":"El Tensor Overhead est\u00e1 dise\u00f1ado para que sea una pieza permanente de interconexi\u00f3n entre el Cable y los Soportes Extremos, cuenta con un sistema de ajuste de la tensi\u00f3n del cable por medio de rotaci\u00f3n y unos pines de bloqueo que se utilizan una vez se logra la tensi\u00f3n deseada. La conexi\u00f3n al cable se logra por un proceso de ponchado.","robots":{"index":"index","follow":"follow","max-snippet":"max-snippet:-1","max-image-preview":"max-image-preview:large","max-video-preview":"max-video-preview:-1"},"canonical":"https:\/\/scope-multi.com\/en\/catalogo\/sistemas\/overhead\/tensor-overhead-scope-multi\/","og_locale":"en_US","og_type":"article","og_title":"Tensor Overhead Scope Multi\u00ae - Scope Multi","og_description":"El Tensor Overhead est\u00e1 dise\u00f1ado para que sea una pieza permanente de interconexi\u00f3n entre el Cable y los Soportes Extremos, cuenta con un sistema de ajuste de la tensi\u00f3n del cable por medio de rotaci\u00f3n y unos pines de bloqueo que se utilizan una vez se logra la tensi\u00f3n deseada. La conexi\u00f3n al cable se logra por un proceso de ponchado.","og_url":"https:\/\/scope-multi.com\/en\/catalogo\/sistemas\/overhead\/tensor-overhead-scope-multi\/","og_site_name":"Scope Multi","article_modified_time":"2023-03-24T19:01:22+00:00","og_image":[{"width":1080,"height":1080,"url":"https:\/\/scope-multi.com\/wp-content\/uploads\/2022\/11\/654000-2.png","type":"image\/png"}],"twitter_card":"summary_large_image","twitter_misc":{"Est. reading time":"1 minute"},"schema":{"@context":"https:\/\/schema.org","@graph":[{"@type":"WebPage","@id":"https:\/\/scope-multi.com\/catalogo\/sistemas\/overhead\/tensor-overhead-scope-multi\/","url":"https:\/\/scope-multi.com\/catalogo\/sistemas\/overhead\/tensor-overhead-scope-multi\/","name":"Tensor Overhead Scope Multi\u00ae - Scope Multi","isPartOf":{"@id":"https:\/\/scope-multi.com\/#website"},"datePublished":"2022-11-10T23:28:30+00:00","dateModified":"2023-03-24T19:01:22+00:00","description":"El Tensor Overhead est\u00e1 dise\u00f1ado para que sea una pieza permanente de interconexi\u00f3n entre el Cable y los Soportes Extremos, cuenta con un sistema de ajuste de la tensi\u00f3n del cable por medio de rotaci\u00f3n y unos pines de bloqueo que se utilizan una vez se logra la tensi\u00f3n deseada. La conexi\u00f3n al cable se logra por un proceso de ponchado.","breadcrumb":{"@id":"https:\/\/scope-multi.com\/catalogo\/sistemas\/overhead\/tensor-overhead-scope-multi\/#breadcrumb"},"inLanguage":"en-US","potentialAction":[{"@type":"ReadAction","target":["https:\/\/scope-multi.com\/catalogo\/sistemas\/overhead\/tensor-overhead-scope-multi\/"]}]},{"@type":"BreadcrumbList","@id":"https:\/\/scope-multi.com\/catalogo\/sistemas\/overhead\/tensor-overhead-scope-multi\/#breadcrumb","itemListElement":[{"@type":"ListItem","position":1,"name":"Inicio","item":"https:\/\/scope-multi.com\/"},{"@type":"ListItem","position":2,"name":"CAT\u00c1LOGO","item":"https:\/\/scope-multi.com\/catalogo\/"},{"@type":"ListItem","position":3,"name":"Tensor Overhead Scope Multi\u00ae"}]},{"@type":"WebSite","@id":"https:\/\/scope-multi.com\/#website","url":"https:\/\/scope-multi.com\/","name":"Scope Multi","description":"CREANDO LUGARES SEGUROS PARA TRABAJOS EN ALTURAS","publisher":{"@id":"https:\/\/scope-multi.com\/#organization"},"potentialAction":[{"@type":"SearchAction","target":{"@type":"EntryPoint","urlTemplate":"https:\/\/scope-multi.com\/?s={search_term_string}"},"query-input":"required name=search_term_string"}],"inLanguage":"en-US"},{"@type":"Organization","@id":"https:\/\/scope-multi.com\/#organization","name":"Scope Multi","url":"https:\/\/scope-multi.com\/","logo":{"@type":"ImageObject","inLanguage":"en-US","@id":"https:\/\/scope-multi.com\/#\/schema\/logo\/image\/","url":"https:\/\/scope-multi.com\/wp-content\/uploads\/2022\/11\/LogoScopeNaranja_TinyPng.png","contentUrl":"https:\/\/scope-multi.com\/wp-content\/uploads\/2022\/11\/LogoScopeNaranja_TinyPng.png","width":921,"height":358,"caption":"Scope Multi"},"image":{"@id":"https:\/\/scope-multi.com\/#\/schema\/logo\/image\/"}}]}},"_links":{"self":[{"href":"https:\/\/scope-multi.com\/en\/wp-json\/wp\/v2\/product\/790","targetHints":{"allow":["GET"]}}],"collection":[{"href":"https:\/\/scope-multi.com\/en\/wp-json\/wp\/v2\/product"}],"about":[{"href":"https:\/\/scope-multi.com\/en\/wp-json\/wp\/v2\/types\/product"}],"wp:featuredmedia":[{"embeddable":true,"href":"https:\/\/scope-multi.com\/en\/wp-json\/wp\/v2\/media\/2202"}],"wp:attachment":[{"href":"https:\/\/scope-multi.com\/en\/wp-json\/wp\/v2\/media?parent=790"}],"wp:term":[{"taxonomy":"product_cat","embeddable":true,"href":"https:\/\/scope-multi.com\/en\/wp-json\/wp\/v2\/product_cat?post=790"},{"taxonomy":"product_tag","embeddable":true,"href":"https:\/\/scope-multi.com\/en\/wp-json\/wp\/v2\/product_tag?post=790"}],"curies":[{"name":"wp","href":"https:\/\/api.w.org\/{rel}","templated":true}]}}