{"id":1397,"date":"2022-11-14T08:58:34","date_gmt":"2022-11-14T14:58:34","guid":{"rendered":"https:\/\/scope-multi.com\/?post_type=product&#038;p=1397"},"modified":"2023-03-21T18:14:24","modified_gmt":"2023-03-22T00:14:24","slug":"611000-al","status":"publish","type":"product","link":"https:\/\/scope-multi.com\/nl\/catalogo\/sistemas\/anclaje\/611000-al\/","title":{"rendered":"Scope Multi\u00ae Alu Anker"},"content":{"rendered":"<p>Het Alu-anker is gemaakt van een aluminiumlegering die sterkte en duurzaamheid garandeert, zelfs in de meest corrosieve omgevingen. Het heeft twee bevestigingspunten en is geschikt voor diverse valbeveiligingsapparatuur zoals vallijnen, valstoopblokken of verticale\/horizontale tijdelijke lijnsystemen.<\/p>","protected":false},"excerpt":{"rendered":"<p><a class=\"scope-btn\" href=\"https:\/\/drive.google.com\/file\/d\/14n-GT8Kuwjx22j6yuOXo2WGmW_mJCP7L\/view?usp=share_link\" target=\"_blank\" rel=\"noopener\">Technische fiche downloaden<\/a><\/p>","protected":false},"featured_media":2182,"template":"","meta":[],"product_cat":[43],"product_tag":[],"class_list":["post-1397","product","type-product","status-publish","has-post-thumbnail","hentry","product_cat-anclaje"],"yoast_head":"<!-- This site is optimized with the Yoast SEO plugin v19.11 - https:\/\/yoast.com\/wordpress\/plugins\/seo\/ -->\n<title>Punto de Anclaje Aluminio Scope Multi\u00ae - Scope Multi<\/title>\n<meta name=\"description\" content=\"El Punto de Anclaje de Aluminio este hecho de una aleaci\u00f3n de aluminio que garantiza fortaleza y durabilidad en los entornos m\u00e1s exigentes. Tiene dos fijaciones y es adecuado para diversos elementos de detenci\u00f3n de ca\u00eddas como eslingas, autoretr\u00e1ctiles o l\u00edneas verticales \/ horizontales temporales.\" \/>\n<meta name=\"robots\" content=\"index, follow, max-snippet:-1, max-image-preview:large, max-video-preview:-1\" \/>\n<link rel=\"canonical\" href=\"https:\/\/scope-multi.com\/nl\/catalogo\/sistemas\/anclaje\/611000-al\/\" \/>\n<meta property=\"og:locale\" content=\"nl_NL\" \/>\n<meta property=\"og:type\" content=\"article\" \/>\n<meta property=\"og:title\" content=\"Punto de Anclaje Aluminio Scope Multi\u00ae - Scope Multi\" \/>\n<meta property=\"og:description\" content=\"El Punto de Anclaje de Aluminio este hecho de una aleaci\u00f3n de aluminio que garantiza fortaleza y durabilidad en los entornos m\u00e1s exigentes. Tiene dos fijaciones y es adecuado para diversos elementos de detenci\u00f3n de ca\u00eddas como eslingas, autoretr\u00e1ctiles o l\u00edneas verticales \/ horizontales temporales.\" \/>\n<meta property=\"og:url\" content=\"https:\/\/scope-multi.com\/nl\/catalogo\/sistemas\/anclaje\/611000-al\/\" \/>\n<meta property=\"og:site_name\" content=\"Scope Multi\" \/>\n<meta property=\"article:modified_time\" content=\"2023-03-22T00:14:24+00:00\" \/>\n<meta property=\"og:image\" content=\"https:\/\/scope-multi.com\/wp-content\/uploads\/2022\/11\/611000-AL-2.png\" \/>\n\t<meta property=\"og:image:width\" content=\"1080\" \/>\n\t<meta property=\"og:image:height\" content=\"1080\" \/>\n\t<meta property=\"og:image:type\" content=\"image\/png\" \/>\n<meta name=\"twitter:card\" content=\"summary_large_image\" \/>\n<meta name=\"twitter:label1\" content=\"Geschatte leestijd\" \/>\n\t<meta name=\"twitter:data1\" content=\"1 minuut\" \/>\n<script type=\"application\/ld+json\" class=\"yoast-schema-graph\">{\"@context\":\"https:\/\/schema.org\",\"@graph\":[{\"@type\":\"WebPage\",\"@id\":\"https:\/\/scope-multi.com\/catalogo\/sistemas\/anclaje\/611000-al\/\",\"url\":\"https:\/\/scope-multi.com\/catalogo\/sistemas\/anclaje\/611000-al\/\",\"name\":\"Punto de Anclaje Aluminio Scope Multi\u00ae - Scope Multi\",\"isPartOf\":{\"@id\":\"https:\/\/scope-multi.com\/#website\"},\"datePublished\":\"2022-11-14T14:58:34+00:00\",\"dateModified\":\"2023-03-22T00:14:24+00:00\",\"description\":\"El Punto de Anclaje de Aluminio este hecho de una aleaci\u00f3n de aluminio que garantiza fortaleza y durabilidad en los entornos m\u00e1s exigentes. Tiene dos fijaciones y es adecuado para diversos elementos de detenci\u00f3n de ca\u00eddas como eslingas, autoretr\u00e1ctiles o l\u00edneas verticales \/ horizontales temporales.\",\"breadcrumb\":{\"@id\":\"https:\/\/scope-multi.com\/catalogo\/sistemas\/anclaje\/611000-al\/#breadcrumb\"},\"inLanguage\":\"nl\",\"potentialAction\":[{\"@type\":\"ReadAction\",\"target\":[\"https:\/\/scope-multi.com\/catalogo\/sistemas\/anclaje\/611000-al\/\"]}]},{\"@type\":\"BreadcrumbList\",\"@id\":\"https:\/\/scope-multi.com\/catalogo\/sistemas\/anclaje\/611000-al\/#breadcrumb\",\"itemListElement\":[{\"@type\":\"ListItem\",\"position\":1,\"name\":\"Inicio\",\"item\":\"https:\/\/scope-multi.com\/\"},{\"@type\":\"ListItem\",\"position\":2,\"name\":\"CAT\u00c1LOGO\",\"item\":\"https:\/\/scope-multi.com\/catalogo\/\"},{\"@type\":\"ListItem\",\"position\":3,\"name\":\"Punto de Anclaje Aluminio Scope Multi\u00ae\"}]},{\"@type\":\"WebSite\",\"@id\":\"https:\/\/scope-multi.com\/#website\",\"url\":\"https:\/\/scope-multi.com\/\",\"name\":\"Scope Multi\",\"description\":\"CREANDO LUGARES SEGUROS PARA TRABAJOS EN ALTURAS\",\"publisher\":{\"@id\":\"https:\/\/scope-multi.com\/#organization\"},\"potentialAction\":[{\"@type\":\"SearchAction\",\"target\":{\"@type\":\"EntryPoint\",\"urlTemplate\":\"https:\/\/scope-multi.com\/?s={search_term_string}\"},\"query-input\":\"required name=search_term_string\"}],\"inLanguage\":\"nl\"},{\"@type\":\"Organization\",\"@id\":\"https:\/\/scope-multi.com\/#organization\",\"name\":\"Scope Multi\",\"url\":\"https:\/\/scope-multi.com\/\",\"logo\":{\"@type\":\"ImageObject\",\"inLanguage\":\"nl\",\"@id\":\"https:\/\/scope-multi.com\/#\/schema\/logo\/image\/\",\"url\":\"https:\/\/scope-multi.com\/wp-content\/uploads\/2022\/11\/LogoScopeNaranja_TinyPng.png\",\"contentUrl\":\"https:\/\/scope-multi.com\/wp-content\/uploads\/2022\/11\/LogoScopeNaranja_TinyPng.png\",\"width\":921,\"height\":358,\"caption\":\"Scope Multi\"},\"image\":{\"@id\":\"https:\/\/scope-multi.com\/#\/schema\/logo\/image\/\"}}]}<\/script>\n<!-- \/ Yoast SEO plugin. -->","yoast_head_json":{"title":"Punto de Anclaje Aluminio Scope Multi\u00ae - Scope Multi","description":"El Punto de Anclaje de Aluminio este hecho de una aleaci\u00f3n de aluminio que garantiza fortaleza y durabilidad en los entornos m\u00e1s exigentes. Tiene dos fijaciones y es adecuado para diversos elementos de detenci\u00f3n de ca\u00eddas como eslingas, autoretr\u00e1ctiles o l\u00edneas verticales \/ horizontales temporales.","robots":{"index":"index","follow":"follow","max-snippet":"max-snippet:-1","max-image-preview":"max-image-preview:large","max-video-preview":"max-video-preview:-1"},"canonical":"https:\/\/scope-multi.com\/nl\/catalogo\/sistemas\/anclaje\/611000-al\/","og_locale":"nl_NL","og_type":"article","og_title":"Punto de Anclaje Aluminio Scope Multi\u00ae - Scope Multi","og_description":"El Punto de Anclaje de Aluminio este hecho de una aleaci\u00f3n de aluminio que garantiza fortaleza y durabilidad en los entornos m\u00e1s exigentes. Tiene dos fijaciones y es adecuado para diversos elementos de detenci\u00f3n de ca\u00eddas como eslingas, autoretr\u00e1ctiles o l\u00edneas verticales \/ horizontales temporales.","og_url":"https:\/\/scope-multi.com\/nl\/catalogo\/sistemas\/anclaje\/611000-al\/","og_site_name":"Scope Multi","article_modified_time":"2023-03-22T00:14:24+00:00","og_image":[{"width":1080,"height":1080,"url":"https:\/\/scope-multi.com\/wp-content\/uploads\/2022\/11\/611000-AL-2.png","type":"image\/png"}],"twitter_card":"summary_large_image","twitter_misc":{"Geschatte leestijd":"1 minuut"},"schema":{"@context":"https:\/\/schema.org","@graph":[{"@type":"WebPage","@id":"https:\/\/scope-multi.com\/catalogo\/sistemas\/anclaje\/611000-al\/","url":"https:\/\/scope-multi.com\/catalogo\/sistemas\/anclaje\/611000-al\/","name":"Punto de Anclaje Aluminio Scope Multi\u00ae - Scope Multi","isPartOf":{"@id":"https:\/\/scope-multi.com\/#website"},"datePublished":"2022-11-14T14:58:34+00:00","dateModified":"2023-03-22T00:14:24+00:00","description":"El Punto de Anclaje de Aluminio este hecho de una aleaci\u00f3n de aluminio que garantiza fortaleza y durabilidad en los entornos m\u00e1s exigentes. Tiene dos fijaciones y es adecuado para diversos elementos de detenci\u00f3n de ca\u00eddas como eslingas, autoretr\u00e1ctiles o l\u00edneas verticales \/ horizontales temporales.","breadcrumb":{"@id":"https:\/\/scope-multi.com\/catalogo\/sistemas\/anclaje\/611000-al\/#breadcrumb"},"inLanguage":"nl","potentialAction":[{"@type":"ReadAction","target":["https:\/\/scope-multi.com\/catalogo\/sistemas\/anclaje\/611000-al\/"]}]},{"@type":"BreadcrumbList","@id":"https:\/\/scope-multi.com\/catalogo\/sistemas\/anclaje\/611000-al\/#breadcrumb","itemListElement":[{"@type":"ListItem","position":1,"name":"Inicio","item":"https:\/\/scope-multi.com\/"},{"@type":"ListItem","position":2,"name":"CAT\u00c1LOGO","item":"https:\/\/scope-multi.com\/catalogo\/"},{"@type":"ListItem","position":3,"name":"Punto de Anclaje Aluminio Scope Multi\u00ae"}]},{"@type":"WebSite","@id":"https:\/\/scope-multi.com\/#website","url":"https:\/\/scope-multi.com\/","name":"Scope Multi","description":"CREANDO LUGARES SEGUROS PARA TRABAJOS EN ALTURAS","publisher":{"@id":"https:\/\/scope-multi.com\/#organization"},"potentialAction":[{"@type":"SearchAction","target":{"@type":"EntryPoint","urlTemplate":"https:\/\/scope-multi.com\/?s={search_term_string}"},"query-input":"required name=search_term_string"}],"inLanguage":"nl"},{"@type":"Organization","@id":"https:\/\/scope-multi.com\/#organization","name":"Scope Multi","url":"https:\/\/scope-multi.com\/","logo":{"@type":"ImageObject","inLanguage":"nl","@id":"https:\/\/scope-multi.com\/#\/schema\/logo\/image\/","url":"https:\/\/scope-multi.com\/wp-content\/uploads\/2022\/11\/LogoScopeNaranja_TinyPng.png","contentUrl":"https:\/\/scope-multi.com\/wp-content\/uploads\/2022\/11\/LogoScopeNaranja_TinyPng.png","width":921,"height":358,"caption":"Scope Multi"},"image":{"@id":"https:\/\/scope-multi.com\/#\/schema\/logo\/image\/"}}]}},"_links":{"self":[{"href":"https:\/\/scope-multi.com\/nl\/wp-json\/wp\/v2\/product\/1397","targetHints":{"allow":["GET"]}}],"collection":[{"href":"https:\/\/scope-multi.com\/nl\/wp-json\/wp\/v2\/product"}],"about":[{"href":"https:\/\/scope-multi.com\/nl\/wp-json\/wp\/v2\/types\/product"}],"wp:featuredmedia":[{"embeddable":true,"href":"https:\/\/scope-multi.com\/nl\/wp-json\/wp\/v2\/media\/2182"}],"wp:attachment":[{"href":"https:\/\/scope-multi.com\/nl\/wp-json\/wp\/v2\/media?parent=1397"}],"wp:term":[{"taxonomy":"product_cat","embeddable":true,"href":"https:\/\/scope-multi.com\/nl\/wp-json\/wp\/v2\/product_cat?post=1397"},{"taxonomy":"product_tag","embeddable":true,"href":"https:\/\/scope-multi.com\/nl\/wp-json\/wp\/v2\/product_tag?post=1397"}],"curies":[{"name":"wp","href":"https:\/\/api.w.org\/{rel}","templated":true}]}}