{"id":2553,"date":"2022-11-29T10:57:51","date_gmt":"2022-11-29T16:57:51","guid":{"rendered":"https:\/\/scope-multi.com\/?post_type=product&#038;p=2553"},"modified":"2023-03-21T16:50:58","modified_gmt":"2023-03-21T22:50:58","slug":"soporte-intermedio-de-pared-scope-multi","status":"publish","type":"product","link":"https:\/\/scope-multi.com\/nl\/catalogo\/sistemas\/pared\/soporte-intermedio-de-pared-scope-multi\/","title":{"rendered":"Scope Multi muurbevestiging recht"},"content":{"rendered":"<p>De Scope Multi muurbevestiging recht voor het Scope Muursysteem is een belangrijk onderdeel om ononderbroken en veilig aan de lijn te kunnen werken of lopen. Bij een val kan de intermediate deformeren, waarmee de impact van de valkracht wordt gereduceerd.<\/p>","protected":false},"excerpt":{"rendered":"<p><a class=\"scope-btn\" href=\"https:\/\/drive.google.com\/file\/d\/1om2sijZuB7v6cOh_J9GYyXc7ty_GvYw0\/view\" target=\"_blank\" rel=\"noopener\">Technische fiche downloaden<\/a><\/p>","protected":false},"featured_media":2555,"template":"","meta":[],"product_cat":[40],"product_tag":[],"class_list":["post-2553","product","type-product","status-publish","has-post-thumbnail","hentry","product_cat-pared"],"yoast_head":"<!-- This site is optimized with the Yoast SEO plugin v19.11 - https:\/\/yoast.com\/wordpress\/plugins\/seo\/ -->\n<title>Soporte Intermedio de Pared Scope Multi\u00ae - Scope Multi<\/title>\n<meta name=\"description\" content=\"El Soporte Intermedio de Pared es un punto de apoyo para el cable utilizado en intervalos espec\u00edficos. Debido a su dise\u00f1o especial el carro desliza f\u00e1cilmente a trav\u00e9s de este sin necesidad de desconectarlo de la l\u00ednea de vida.\" \/>\n<meta name=\"robots\" content=\"index, follow, max-snippet:-1, max-image-preview:large, max-video-preview:-1\" \/>\n<link rel=\"canonical\" href=\"https:\/\/scope-multi.com\/nl\/catalogo\/sistemas\/pared\/soporte-intermedio-de-pared-scope-multi\/\" \/>\n<meta property=\"og:locale\" content=\"nl_NL\" \/>\n<meta property=\"og:type\" content=\"article\" \/>\n<meta property=\"og:title\" content=\"Soporte Intermedio de Pared Scope Multi\u00ae - Scope Multi\" \/>\n<meta property=\"og:description\" content=\"El Soporte Intermedio de Pared es un punto de apoyo para el cable utilizado en intervalos espec\u00edficos. Debido a su dise\u00f1o especial el carro desliza f\u00e1cilmente a trav\u00e9s de este sin necesidad de desconectarlo de la l\u00ednea de vida.\" \/>\n<meta property=\"og:url\" content=\"https:\/\/scope-multi.com\/nl\/catalogo\/sistemas\/pared\/soporte-intermedio-de-pared-scope-multi\/\" \/>\n<meta property=\"og:site_name\" content=\"Scope Multi\" \/>\n<meta property=\"article:modified_time\" content=\"2023-03-21T22:50:58+00:00\" \/>\n<meta property=\"og:image\" content=\"https:\/\/scope-multi.com\/wp-content\/uploads\/2022\/11\/642000.png\" \/>\n\t<meta property=\"og:image:width\" content=\"1080\" \/>\n\t<meta property=\"og:image:height\" content=\"1080\" \/>\n\t<meta property=\"og:image:type\" content=\"image\/png\" \/>\n<meta name=\"twitter:card\" content=\"summary_large_image\" \/>\n<meta name=\"twitter:label1\" content=\"Geschatte leestijd\" \/>\n\t<meta name=\"twitter:data1\" content=\"1 minuut\" \/>\n<script type=\"application\/ld+json\" class=\"yoast-schema-graph\">{\"@context\":\"https:\/\/schema.org\",\"@graph\":[{\"@type\":\"WebPage\",\"@id\":\"https:\/\/scope-multi.com\/catalogo\/sistemas\/pared\/soporte-intermedio-de-pared-scope-multi\/\",\"url\":\"https:\/\/scope-multi.com\/catalogo\/sistemas\/pared\/soporte-intermedio-de-pared-scope-multi\/\",\"name\":\"Soporte Intermedio de Pared Scope Multi\u00ae - Scope Multi\",\"isPartOf\":{\"@id\":\"https:\/\/scope-multi.com\/#website\"},\"datePublished\":\"2022-11-29T16:57:51+00:00\",\"dateModified\":\"2023-03-21T22:50:58+00:00\",\"description\":\"El Soporte Intermedio de Pared es un punto de apoyo para el cable utilizado en intervalos espec\u00edficos. Debido a su dise\u00f1o especial el carro desliza f\u00e1cilmente a trav\u00e9s de este sin necesidad de desconectarlo de la l\u00ednea de vida.\",\"breadcrumb\":{\"@id\":\"https:\/\/scope-multi.com\/catalogo\/sistemas\/pared\/soporte-intermedio-de-pared-scope-multi\/#breadcrumb\"},\"inLanguage\":\"nl\",\"potentialAction\":[{\"@type\":\"ReadAction\",\"target\":[\"https:\/\/scope-multi.com\/catalogo\/sistemas\/pared\/soporte-intermedio-de-pared-scope-multi\/\"]}]},{\"@type\":\"BreadcrumbList\",\"@id\":\"https:\/\/scope-multi.com\/catalogo\/sistemas\/pared\/soporte-intermedio-de-pared-scope-multi\/#breadcrumb\",\"itemListElement\":[{\"@type\":\"ListItem\",\"position\":1,\"name\":\"Inicio\",\"item\":\"https:\/\/scope-multi.com\/\"},{\"@type\":\"ListItem\",\"position\":2,\"name\":\"CAT\u00c1LOGO\",\"item\":\"https:\/\/scope-multi.com\/catalogo\/\"},{\"@type\":\"ListItem\",\"position\":3,\"name\":\"Soporte Intermedio de Pared Scope Multi\u00ae\"}]},{\"@type\":\"WebSite\",\"@id\":\"https:\/\/scope-multi.com\/#website\",\"url\":\"https:\/\/scope-multi.com\/\",\"name\":\"Scope Multi\",\"description\":\"CREANDO LUGARES SEGUROS PARA TRABAJOS EN ALTURAS\",\"publisher\":{\"@id\":\"https:\/\/scope-multi.com\/#organization\"},\"potentialAction\":[{\"@type\":\"SearchAction\",\"target\":{\"@type\":\"EntryPoint\",\"urlTemplate\":\"https:\/\/scope-multi.com\/?s={search_term_string}\"},\"query-input\":\"required name=search_term_string\"}],\"inLanguage\":\"nl\"},{\"@type\":\"Organization\",\"@id\":\"https:\/\/scope-multi.com\/#organization\",\"name\":\"Scope Multi\",\"url\":\"https:\/\/scope-multi.com\/\",\"logo\":{\"@type\":\"ImageObject\",\"inLanguage\":\"nl\",\"@id\":\"https:\/\/scope-multi.com\/#\/schema\/logo\/image\/\",\"url\":\"https:\/\/scope-multi.com\/wp-content\/uploads\/2022\/11\/LogoScopeNaranja_TinyPng.png\",\"contentUrl\":\"https:\/\/scope-multi.com\/wp-content\/uploads\/2022\/11\/LogoScopeNaranja_TinyPng.png\",\"width\":921,\"height\":358,\"caption\":\"Scope Multi\"},\"image\":{\"@id\":\"https:\/\/scope-multi.com\/#\/schema\/logo\/image\/\"}}]}<\/script>\n<!-- \/ Yoast SEO plugin. -->","yoast_head_json":{"title":"Soporte Intermedio de Pared Scope Multi\u00ae - Scope Multi","description":"El Soporte Intermedio de Pared es un punto de apoyo para el cable utilizado en intervalos espec\u00edficos. Debido a su dise\u00f1o especial el carro desliza f\u00e1cilmente a trav\u00e9s de este sin necesidad de desconectarlo de la l\u00ednea de vida.","robots":{"index":"index","follow":"follow","max-snippet":"max-snippet:-1","max-image-preview":"max-image-preview:large","max-video-preview":"max-video-preview:-1"},"canonical":"https:\/\/scope-multi.com\/nl\/catalogo\/sistemas\/pared\/soporte-intermedio-de-pared-scope-multi\/","og_locale":"nl_NL","og_type":"article","og_title":"Soporte Intermedio de Pared Scope Multi\u00ae - Scope Multi","og_description":"El Soporte Intermedio de Pared es un punto de apoyo para el cable utilizado en intervalos espec\u00edficos. Debido a su dise\u00f1o especial el carro desliza f\u00e1cilmente a trav\u00e9s de este sin necesidad de desconectarlo de la l\u00ednea de vida.","og_url":"https:\/\/scope-multi.com\/nl\/catalogo\/sistemas\/pared\/soporte-intermedio-de-pared-scope-multi\/","og_site_name":"Scope Multi","article_modified_time":"2023-03-21T22:50:58+00:00","og_image":[{"width":1080,"height":1080,"url":"https:\/\/scope-multi.com\/wp-content\/uploads\/2022\/11\/642000.png","type":"image\/png"}],"twitter_card":"summary_large_image","twitter_misc":{"Geschatte leestijd":"1 minuut"},"schema":{"@context":"https:\/\/schema.org","@graph":[{"@type":"WebPage","@id":"https:\/\/scope-multi.com\/catalogo\/sistemas\/pared\/soporte-intermedio-de-pared-scope-multi\/","url":"https:\/\/scope-multi.com\/catalogo\/sistemas\/pared\/soporte-intermedio-de-pared-scope-multi\/","name":"Soporte Intermedio de Pared Scope Multi\u00ae - Scope Multi","isPartOf":{"@id":"https:\/\/scope-multi.com\/#website"},"datePublished":"2022-11-29T16:57:51+00:00","dateModified":"2023-03-21T22:50:58+00:00","description":"El Soporte Intermedio de Pared es un punto de apoyo para el cable utilizado en intervalos espec\u00edficos. Debido a su dise\u00f1o especial el carro desliza f\u00e1cilmente a trav\u00e9s de este sin necesidad de desconectarlo de la l\u00ednea de vida.","breadcrumb":{"@id":"https:\/\/scope-multi.com\/catalogo\/sistemas\/pared\/soporte-intermedio-de-pared-scope-multi\/#breadcrumb"},"inLanguage":"nl","potentialAction":[{"@type":"ReadAction","target":["https:\/\/scope-multi.com\/catalogo\/sistemas\/pared\/soporte-intermedio-de-pared-scope-multi\/"]}]},{"@type":"BreadcrumbList","@id":"https:\/\/scope-multi.com\/catalogo\/sistemas\/pared\/soporte-intermedio-de-pared-scope-multi\/#breadcrumb","itemListElement":[{"@type":"ListItem","position":1,"name":"Inicio","item":"https:\/\/scope-multi.com\/"},{"@type":"ListItem","position":2,"name":"CAT\u00c1LOGO","item":"https:\/\/scope-multi.com\/catalogo\/"},{"@type":"ListItem","position":3,"name":"Soporte Intermedio de Pared Scope Multi\u00ae"}]},{"@type":"WebSite","@id":"https:\/\/scope-multi.com\/#website","url":"https:\/\/scope-multi.com\/","name":"Scope Multi","description":"CREANDO LUGARES SEGUROS PARA TRABAJOS EN ALTURAS","publisher":{"@id":"https:\/\/scope-multi.com\/#organization"},"potentialAction":[{"@type":"SearchAction","target":{"@type":"EntryPoint","urlTemplate":"https:\/\/scope-multi.com\/?s={search_term_string}"},"query-input":"required name=search_term_string"}],"inLanguage":"nl"},{"@type":"Organization","@id":"https:\/\/scope-multi.com\/#organization","name":"Scope Multi","url":"https:\/\/scope-multi.com\/","logo":{"@type":"ImageObject","inLanguage":"nl","@id":"https:\/\/scope-multi.com\/#\/schema\/logo\/image\/","url":"https:\/\/scope-multi.com\/wp-content\/uploads\/2022\/11\/LogoScopeNaranja_TinyPng.png","contentUrl":"https:\/\/scope-multi.com\/wp-content\/uploads\/2022\/11\/LogoScopeNaranja_TinyPng.png","width":921,"height":358,"caption":"Scope Multi"},"image":{"@id":"https:\/\/scope-multi.com\/#\/schema\/logo\/image\/"}}]}},"_links":{"self":[{"href":"https:\/\/scope-multi.com\/nl\/wp-json\/wp\/v2\/product\/2553","targetHints":{"allow":["GET"]}}],"collection":[{"href":"https:\/\/scope-multi.com\/nl\/wp-json\/wp\/v2\/product"}],"about":[{"href":"https:\/\/scope-multi.com\/nl\/wp-json\/wp\/v2\/types\/product"}],"wp:featuredmedia":[{"embeddable":true,"href":"https:\/\/scope-multi.com\/nl\/wp-json\/wp\/v2\/media\/2555"}],"wp:attachment":[{"href":"https:\/\/scope-multi.com\/nl\/wp-json\/wp\/v2\/media?parent=2553"}],"wp:term":[{"taxonomy":"product_cat","embeddable":true,"href":"https:\/\/scope-multi.com\/nl\/wp-json\/wp\/v2\/product_cat?post=2553"},{"taxonomy":"product_tag","embeddable":true,"href":"https:\/\/scope-multi.com\/nl\/wp-json\/wp\/v2\/product_tag?post=2553"}],"curies":[{"name":"wp","href":"https:\/\/api.w.org\/{rel}","templated":true}]}}